{"id":1599,"date":"2024-12-24T23:10:18","date_gmt":"2024-12-24T23:10:18","guid":{"rendered":"https:\/\/tirondet.com\/flames-flavors\/"},"modified":"2025-10-31T09:35:25","modified_gmt":"2025-10-31T09:35:25","slug":"flames-flavors","status":"publish","type":"page","link":"https:\/\/tirondet.com\/fr\/formules\/flames-flavors\/","title":{"rendered":"Flames &amp; Flavors"},"content":{"rendered":"<div class=\"slider-wrapper relative\" id=\"slider-2124502785\" >\n    <div class=\"slider slider-nav-circle slider-nav-large slider-nav-light slider-style-normal\"\n        data-flickity-options='{\n            \"cellAlign\": \"center\",\n            \"imagesLoaded\": true,\n            \"lazyLoad\": 1,\n            \"freeScroll\": false,\n            \"wrapAround\": true,\n            \"autoPlay\": 3000,\n            \"pauseAutoPlayOnHover\" : true,\n            \"prevNextButtons\": true,\n            \"contain\" : true,\n            \"adaptiveHeight\" : true,\n            \"dragThreshold\" : 10,\n            \"percentPosition\": true,\n            \"pageDots\": true,\n            \"rightToLeft\": false,\n            \"draggable\": true,\n            \"selectedAttraction\": 0.1,\n            \"parallax\" : 0,\n            \"friction\": 0.6        }'\n        >\n        \n\n  <div class=\"banner has-hover has-parallax\" id=\"banner-955875820\">\n          <div class=\"banner-inner fill\">\n        <div class=\"banner-bg fill\" data-parallax=\"-3\" data-parallax-container=\".banner\" data-parallax-background>\n            <img loading=\"lazy\" decoding=\"async\" width=\"1438\" height=\"1150\" src=\"https:\/\/tirondet.com\/wp-content\/uploads\/2024\/12\/CDT-PIZZA.jpg\" class=\"bg attachment-original size-original\" alt=\"\" \/>                                    \n                    <\/div>\n\t\t\n        <div class=\"banner-layers container\">\n            <div class=\"fill banner-link\"><\/div>            \n   <div id=\"text-box-1786242703\" class=\"text-box banner-layer x50 md-x50 lg-x50 y50 md-y50 lg-y50 res-text\">\n                                <div class=\"text-box-content text dark\">\n              \n              <div class=\"text-inner text-center\">\n                  \n              <\/div>\n           <\/div>\n                            \n<style>\n#text-box-1786242703 {\n  width: 60%;\n}\n#text-box-1786242703 .text-box-content {\n  font-size: 100%;\n}\n@media (min-width:550px) {\n  #text-box-1786242703 {\n    width: 60%;\n  }\n}\n<\/style>\n    <\/div>\n \n        <\/div>\n      <\/div>\n\n            \n<style>\n#banner-955875820 {\n  padding-top: 70%;\n  background-color: rgb(33, 33, 33);\n}\n#banner-955875820 .banner-bg img {\n  object-position: 52% 53%;\n}\n@media (min-width:550px) {\n  #banner-955875820 {\n    padding-top: 35%;\n  }\n}\n<\/style>\n  <\/div>\n\n\n     <\/div>\n\n     <div class=\"loading-spin dark large centered\"><\/div>\n\n\t<\/div>\n\n\n\n\t<section class=\"section\" id=\"section_1090210654\">\n\t\t<div class=\"section-bg fill\" >\n\t\t\t\t\t\t\t\t\t<div class=\"section-bg-overlay absolute fill\"><\/div>\n\t\t\t\n\n\t\t<\/div>\n\n\t\t\n\n\t\t<div class=\"section-content relative\">\n\t\t\t\n<div class=\"row align-center\"  id=\"row-1258899828\">\n\n\t<div id=\"col-1331334121\" class=\"col medium-9 small-12 large-9\"  data-animate=\"fadeInUp\">\n\t\t\t\t<div class=\"col-inner text-left\"  >\n\t\t\t\n\t\t\t\n<h6>DU 30 MAI AU 6 JUIN 2026 <em>(COMPLET)<\/em><\/h6>\n<h1>Flames &amp; <strong>Flavors<\/strong><\/h1>\n<p>Viens passer un week-end prolong\u00e9 unique en plein c\u0153ur de la France pendant l\u2019Ascension ! Notre BBQ Weekend t\u2019offre cinq jours plac\u00e9s sous le signe de la convivialit\u00e9, de la bonne cuisine et de la cuisson en ext\u00e9rieur. De mercredi \u00e0 lundi, d\u00e9connecte du quotidien et profite de tout ce que la nature et une touche de feu ont \u00e0 offrir.<\/p>\n<p>Chaque jour, nous cuisinerons d\u2019une mani\u00e8re diff\u00e9rente : sur feu ouvert, en fumage \u00e0 chaud et \u00e0 froid, au barbecue et dans le grand four \u00e0 bois. Accompagn\u00e9 par des passionn\u00e9s de cuisine en ext\u00e9rieur, tu apprendras \u00e0 quel point cuisiner en plein air peut \u00eatre amusant et vari\u00e9. Ce n\u2019est pas un cours pour professionnels, mais une mani\u00e8re conviviale et accessible de profiter ensemble du plaisir de cuisiner et de partager un bon repas.<\/p>\n<p>Pendant le week-end, nous irons \u00e0 la rencontre de producteurs locaux pour choisir les ingr\u00e9dients les plus frais pour nos repas. En plus, tu pourras d\u00e9guster des produits surprenants, aussi bien \u00e0 boire qu&rsquo;\u00e0 manger, une belle occasion de d\u00e9couvrir les saveurs de la r\u00e9gion. Ce que nous allons go\u00fbter ? \u00c7a, c\u2019est encore une surprise !<\/p>\n<p>Vous commencez la journ\u00e9e par un petit-d\u00e9jeuner richement garni, suivi d&rsquo;un programme d\u00e9tendu ax\u00e9 sur la cuisine et la convivialit\u00e9. Le soir, nous d\u00e9gusterons les plats que nous avons pr\u00e9par\u00e9s ensemble, tandis que le feu cr\u00e9pite et que des histoires sont racont\u00e9es.  Que tu sois un amateur de barbecue exp\u00e9riment\u00e9 ou simplement curieux de d\u00e9couvrir la cuisine en ext\u00e9rieur, ce week-end a quelque chose \u00e0 offrir \u00e0 chacun.<br \/>La r\u00e9servation est simple et se fait directement sur notre site. Tu veux venir avec trois amis et profiter d\u2019un h\u00e9bergement priv\u00e9, ou pr\u00e9f\u00e8res-tu partager une chambre pour plus de convivialit\u00e9 ? Dans ce cas, contacte-nous par mail ou par t\u00e9l\u00e9phone. Nous pouvons adapter enti\u00e8rement le s\u00e9jour selon tes envies, et pour ceux qui doivent travailler le lundi, il est aussi possible de partir apr\u00e8s le d\u00e9jeuner du dimanche.<\/p>\n<p>Que tu viennes pour la cuisine, le plaisir de cuisiner ou simplement pour l\u2019ambiance, ce BBQ Weekend restera une exp\u00e9rience inoubliable.<\/p>\n\t\t<\/div>\n\t\t\t\t\t<\/div>\n\n\t\n\n<style>\n#row-1258899828 > .col > .col-inner {\n  padding: 0px 0px 0px 0px;\n}\n<\/style>\n<\/div>\n\t\t<\/div>\n\n\t\t\n<style>\n#section_1090210654 {\n  padding-top: 10%;\n  padding-bottom: 10%;\n}\n#section_1090210654 .section-bg-overlay {\n  background-color: rgba(255, 255, 255, 0.965);\n}\n@media (min-width:550px) {\n  #section_1090210654 {\n    padding-top: 30px;\n    padding-bottom: 30px;\n  }\n}\n<\/style>\n\t<\/section>\n\t\n\n\t<section class=\"section\" id=\"section_675808339\">\n\t\t<div class=\"section-bg fill\" >\n\t\t\t\t\t\t\t\t\t\n\t\t\t\n\n\t\t<\/div>\n\n\t\t\n\n\t\t<div class=\"section-content relative\">\n\t\t\t\n<div class=\"row row-collapse row-full-width\"  id=\"row-631189681\">\n\n\t<div id=\"col-1522080991\" class=\"col medium-6 small-12 large-6\"  >\n\t\t\t\t<div class=\"col-inner\" style=\"background-color:rgb(0,0,0);\" >\n\t\t\t\n\t\t\t\n\n  <div class=\"banner has-hover has-parallax\" id=\"banner-126964267\">\n          <div class=\"banner-inner fill\">\n        <div class=\"banner-bg fill\" data-parallax=\"-1\" data-parallax-container=\".banner\" data-parallax-background>\n            <img loading=\"lazy\" decoding=\"async\" width=\"1500\" height=\"1125\" src=\"https:\/\/tirondet.com\/wp-content\/uploads\/2024\/12\/IMG_2417.jpg\" class=\"bg attachment-original size-original\" alt=\"\" \/>                                    \n                    <\/div>\n\t\t\n        <div class=\"banner-layers container\">\n            <div class=\"fill banner-link\"><\/div>            \n   <div id=\"text-box-1984539001\" class=\"text-box banner-layer x50 md-x50 lg-x50 y50 md-y50 lg-y50 res-text\">\n                                <div class=\"text-box-content text dark\">\n              \n              <div class=\"text-inner text-center\">\n                  \n              <\/div>\n           <\/div>\n                            \n<style>\n#text-box-1984539001 {\n  width: 60%;\n}\n#text-box-1984539001 .text-box-content {\n  font-size: 100%;\n}\n@media (min-width:550px) {\n  #text-box-1984539001 {\n    width: 60%;\n  }\n}\n<\/style>\n    <\/div>\n \n        <\/div>\n      <\/div>\n\n            \n<style>\n#banner-126964267 {\n  padding-top: 99.99%;\n  background-color: #212121;\n}\n#banner-126964267 .banner-bg img {\n  object-position: 46% 46%;\n}\n@media (min-width:550px) {\n  #banner-126964267 {\n    padding-top: 100%;\n  }\n}\n@media (min-width:850px) {\n  #banner-126964267 {\n    padding-top: 75%;\n  }\n}\n<\/style>\n  <\/div>\n\n\n\t\t<\/div>\n\t\t\t\t\t<\/div>\n\n\t\n\n\t<div id=\"col-772932174\" class=\"col medium-6 small-12 large-6\"  >\n\t\t\t\t<div class=\"col-inner\"  >\n\t\t\t\n\t\t\t\n<div class=\"row row-collapse align-center\"  id=\"row-1602283674\">\n\n\t<div id=\"col-2033415058\" class=\"col medium-9 small-10 large-9\"  >\n\t\t\t\t<div class=\"col-inner\"  >\n\t\t\t\n\t\t\t\n<h1><strong>Un long week-end<\/strong> plac\u00e9 sous le signe de la convivialit\u00e9 et de <strong>la cuisine en plein air<\/strong>.<\/h1>\n<ul>\n<li>S\u00e9jour du mercredi au lundi.<\/li>\n<li>Un panier de petit-d\u00e9jeuner bien garni inclus chaque jour.<\/li>\n<li>Chaque jour, une nouvelle fa\u00e7on de cuisiner en plein air.<\/li>\n<li>Visite chez des producteurs locaux pour r\u00e9colter les ingr\u00e9dients.<\/li>\n<li>D\u00e9gustations surprenantes de mets et de boissons.<\/li>\n<li>Des soir\u00e9es pleines de convivialit\u00e9 et d\u2019histoires autour du feu.<\/li>\n<li>Options de r\u00e9servation flexibles : par personne, en chambre partag\u00e9e ou priv\u00e9e.<\/li>\n<\/ul>\n<a href=\"https:\/\/tirondet.com\/fr\/reservation\/\" class=\"button secondary is-outline expand\"  >\n\t\t<span>R\u00e9serve directement.<\/span>\n\t<\/a>\n\n\t\t<\/div>\n\t\t\t\t\n<style>\n#col-2033415058 > .col-inner {\n  padding: 50px 0px 50px 0px;\n}\n<\/style>\n\t<\/div>\n\n\t\n\n<style>\n#row-1602283674 > .col > .col-inner {\n  padding: 40px 0px 20px 0px;\n}\n@media (min-width:550px) {\n  #row-1602283674 > .col > .col-inner {\n    padding: 5% 0px 0px 0px;\n  }\n}\n<\/style>\n<\/div>\n\t\t<\/div>\n\t\t\t\t\t<\/div>\n\n\t\n<\/div>\n\t\t<\/div>\n\n\t\t\n<style>\n#section_675808339 {\n  padding-top: 0px;\n  padding-bottom: 0px;\n}\n<\/style>\n\t<\/section>\n\t\n\n\t<section class=\"section\" id=\"section_1246533602\">\n\t\t<div class=\"section-bg fill\" >\n\t\t\t\t\t\t\t\t\t<div class=\"section-bg-overlay absolute fill\"><\/div>\n\t\t\t\n\n\t\t<\/div>\n\n\t\t\n\n\t\t<div class=\"section-content relative\">\n\t\t\t\n<div class=\"text-center\"><div class=\"is-divider divider clearfix\" style=\"max-width:1600px;background-color:rgb(96, 96, 96);\"><\/div><\/div>\n<div class=\"row\"  id=\"row-1543486101\">\n\n\t<div id=\"col-1184269043\" class=\"col small-12 large-12\"  >\n\t\t\t\t<div class=\"col-inner\"  >\n\t\t\t\n\t\t\t\n\t<div id=\"text-2782384166\" class=\"text\">\n\t\t\n<h1 style=\"text-align: center\">Quelques autres <strong>formules<\/strong><\/h1>\n\t\t\n<style>\n#text-2782384166 {\n  color: #3b3b3b;\n}\n#text-2782384166 > * {\n  color: #3b3b3b;\n}\n<\/style>\n\t<\/div>\n\t\n\t\t<\/div>\n\t\t\t\t\t<\/div>\n\n\t\n<\/div>\n<div class=\"row\"  id=\"row-1428671682\">\n\n\t<div id=\"col-1030809075\" class=\"col small-12 large-12\"  >\n\t\t\t\t<div class=\"col-inner\"  >\n\t\t\t\n\t\t\t\n<div class=\"slider-wrapper relative\" id=\"slider-1961333137\" >\n    <div class=\"slider slider-nav-dots-dashes-spaced slider-nav-simple slider-nav-large slider-nav-dark slider-nav-outside slider-style-normal slider-show-nav\"\n        data-flickity-options='{\n            \"cellAlign\": \"center\",\n            \"imagesLoaded\": true,\n            \"lazyLoad\": 1,\n            \"freeScroll\": false,\n            \"wrapAround\": false,\n            \"autoPlay\": 2000,\n            \"pauseAutoPlayOnHover\" : true,\n            \"prevNextButtons\": true,\n            \"contain\" : true,\n            \"adaptiveHeight\" : true,\n            \"dragThreshold\" : 10,\n            \"percentPosition\": true,\n            \"pageDots\": false,\n            \"rightToLeft\": false,\n            \"draggable\": true,\n            \"selectedAttraction\": 0.1,\n            \"parallax\" : 1,\n            \"friction\": 0.6        }'\n        >\n        \n<div class=\"row\"  id=\"row-754256245\">\n\n\t<div id=\"col-104019492\" class=\"col medium-4 small-12 large-4\"  >\n\t\t\t\t<div class=\"col-inner\"  >\n\t\t\t\n\t\t\t\n\t<div class=\"box has-hover   has-hover box-text-bottom\" >\n\n\t\t<div class=\"box-image\" >\n\t\t\t\t\t\t<div class=\"image-cover\" style=\"padding-top:70%;\">\n\t\t\t\t<img loading=\"lazy\" decoding=\"async\" width=\"2560\" height=\"2560\" src=\"https:\/\/tirondet.com\/wp-content\/uploads\/2024\/12\/IMG_4788-copy-scaled.jpg\" class=\"attachment- size-\" alt=\"\" srcset=\"https:\/\/tirondet.com\/wp-content\/uploads\/2024\/12\/IMG_4788-copy-scaled.jpg 2560w, https:\/\/tirondet.com\/wp-content\/uploads\/2024\/12\/IMG_4788-copy-300x300.jpg 300w, https:\/\/tirondet.com\/wp-content\/uploads\/2024\/12\/IMG_4788-copy-1024x1024.jpg 1024w, https:\/\/tirondet.com\/wp-content\/uploads\/2024\/12\/IMG_4788-copy-150x150.jpg 150w, https:\/\/tirondet.com\/wp-content\/uploads\/2024\/12\/IMG_4788-copy-768x768.jpg 768w, https:\/\/tirondet.com\/wp-content\/uploads\/2024\/12\/IMG_4788-copy-1536x1536.jpg 1536w, https:\/\/tirondet.com\/wp-content\/uploads\/2024\/12\/IMG_4788-copy-2048x2048.jpg 2048w\" sizes=\"auto, (max-width: 2560px) 100vw, 2560px\" \/>\t\t\t\t\t\t\t\t\t\t\t<\/div>\n\t\t\t\t\t<\/div>\n\n\t\t<div class=\"box-text text-center\" >\n\t\t\t<div class=\"box-text-inner\">\n\t\t\t\t\n\t<div id=\"text-483908261\" class=\"text\">\n\t\t\n<h5>Mini &amp; Me-Time<\/h5>\n\t\t\n<style>\n#text-483908261 {\n  color: rgb(0,0,0);\n}\n#text-483908261 > * {\n  color: rgb(0,0,0);\n}\n<\/style>\n\t<\/div>\n\t\n\t\t\t<\/div>\n\t\t<\/div>\n\t<\/div>\n\t\n\t\t<\/div>\n\t\t\t\t\t<\/div>\n\n\t\n\n\t<div id=\"col-621055908\" class=\"col medium-4 small-12 large-4\"  >\n\t\t\t\t<div class=\"col-inner\"  >\n\t\t\t\n\t\t\t\n\t<div class=\"box has-hover   has-hover box-text-bottom\" >\n\n\t\t<div class=\"box-image\" >\n\t\t\t\t\t\t<div class=\"image-cover\" style=\"padding-top:70%;\">\n\t\t\t\t<img loading=\"lazy\" decoding=\"async\" width=\"2560\" height=\"1771\" src=\"https:\/\/tirondet.com\/wp-content\/uploads\/2024\/12\/CDT-BBQ-scaled.jpg\" class=\"attachment- size-\" alt=\"\" srcset=\"https:\/\/tirondet.com\/wp-content\/uploads\/2024\/12\/CDT-BBQ-scaled.jpg 2560w, https:\/\/tirondet.com\/wp-content\/uploads\/2024\/12\/CDT-BBQ-300x208.jpg 300w, https:\/\/tirondet.com\/wp-content\/uploads\/2024\/12\/CDT-BBQ-1024x709.jpg 1024w, https:\/\/tirondet.com\/wp-content\/uploads\/2024\/12\/CDT-BBQ-768x531.jpg 768w, https:\/\/tirondet.com\/wp-content\/uploads\/2024\/12\/CDT-BBQ-1536x1063.jpg 1536w, https:\/\/tirondet.com\/wp-content\/uploads\/2024\/12\/CDT-BBQ-2048x1417.jpg 2048w\" sizes=\"auto, (max-width: 2560px) 100vw, 2560px\" \/>\t\t\t\t\t\t\t\t\t\t\t<\/div>\n\t\t\t\t\t<\/div>\n\n\t\t<div class=\"box-text text-center\" >\n\t\t\t<div class=\"box-text-inner\">\n\t\t\t\t\n\t<div id=\"text-4013439746\" class=\"text\">\n\t\t\n<h5>Vacances d\u2019\u00e9t\u00e9<\/h5>\n\t\t\n<style>\n#text-4013439746 {\n  color: #3b3b3b;\n}\n#text-4013439746 > * {\n  color: #3b3b3b;\n}\n<\/style>\n\t<\/div>\n\t\n\t\t\t<\/div>\n\t\t<\/div>\n\t<\/div>\n\t\n\t\t<\/div>\n\t\t\t\t\t<\/div>\n\n\t\n\n\t<div id=\"col-1412339566\" class=\"col medium-4 small-12 large-4\"  >\n\t\t\t\t<div class=\"col-inner\"  >\n\t\t\t\n\t\t\t\n\t<div class=\"box has-hover   has-hover box-text-bottom\" >\n\n\t\t<div class=\"box-image\" >\n\t\t\t\t\t\t<div class=\"image-cover\" style=\"padding-top:70%;\">\n\t\t\t\t<img loading=\"lazy\" decoding=\"async\" width=\"1500\" height=\"1500\" src=\"https:\/\/tirondet.com\/wp-content\/uploads\/2024\/12\/IMG_4719.jpg\" class=\"attachment- size-\" alt=\"\" srcset=\"https:\/\/tirondet.com\/wp-content\/uploads\/2024\/12\/IMG_4719.jpg 1500w, https:\/\/tirondet.com\/wp-content\/uploads\/2024\/12\/IMG_4719-300x300.jpg 300w, https:\/\/tirondet.com\/wp-content\/uploads\/2024\/12\/IMG_4719-1024x1024.jpg 1024w, https:\/\/tirondet.com\/wp-content\/uploads\/2024\/12\/IMG_4719-150x150.jpg 150w, https:\/\/tirondet.com\/wp-content\/uploads\/2024\/12\/IMG_4719-768x768.jpg 768w\" sizes=\"auto, (max-width: 1500px) 100vw, 1500px\" \/>\t\t\t\t\t\t\t\t\t\t\t<\/div>\n\t\t\t\t\t<\/div>\n\n\t\t<div class=\"box-text text-center\" >\n\t\t\t<div class=\"box-text-inner\">\n\t\t\t\t\n\t<div id=\"text-3725234291\" class=\"text\">\n\t\t\n<h5>Semaine 100 % f\u00e9minine<\/h5>\n\t\t\n<style>\n#text-3725234291 {\n  color: #3b3b3b;\n}\n#text-3725234291 > * {\n  color: #3b3b3b;\n}\n<\/style>\n\t<\/div>\n\t\n\t\t\t<\/div>\n\t\t<\/div>\n\t<\/div>\n\t\n\t\t<\/div>\n\t\t\t\t\t<\/div>\n\n\t\n<\/div>\n     <\/div>\n\n     <div class=\"loading-spin dark large centered\"><\/div>\n\n\t<\/div>\n\n\n\t\t<\/div>\n\t\t\t\t\t<\/div>\n\n\t\n<\/div>\n<div class=\"row\"  id=\"row-1907133271\">\n\n\t<div id=\"col-1993601496\" class=\"col small-12 large-12\"  >\n\t\t\t\t<div class=\"col-inner text-center\"  >\n\t\t\t\n\t\t\t\n<a href=\"https:\/\/tirondet.com\/fr\/formules\/\" class=\"button secondary is-outline\"  >\n\t\t<span>D\u00e9couvre toutes les semaines sp\u00e9ciales<\/span>\n\t<\/a>\n\n\t\t<\/div>\n\t\t\t\t\t<\/div>\n\n\t\n<\/div>\n\t\t<\/div>\n\n\t\t\n<style>\n#section_1246533602 {\n  padding-top: 25%;\n  padding-bottom: 25%;\n}\n#section_1246533602 .section-bg-overlay {\n  background-color: rgba(255,255,255,.5);\n}\n@media (min-width:550px) {\n  #section_1246533602 {\n    padding-top: 15%;\n    padding-bottom: 15%;\n  }\n}\n@media (min-width:850px) {\n  #section_1246533602 {\n    padding-top: 30px;\n    padding-bottom: 30px;\n  }\n}\n<\/style>\n\t<\/section>\n\t\n\n\t<section class=\"section\" id=\"section_882358294\">\n\t\t<div class=\"section-bg fill\" >\n\t\t\t\t\t\t\t\t\t\n\t\t\t\n\n\t\t<\/div>\n\n\t\t\n\n\t\t<div class=\"section-content relative\">\n\t\t\t\n\n  <div class=\"banner has-hover has-parallax\" id=\"banner-1607544037\">\n          <div class=\"banner-inner fill\">\n        <div class=\"banner-bg fill\" data-parallax=\"-3\" data-parallax-container=\".banner\" data-parallax-background>\n            <img loading=\"lazy\" decoding=\"async\" width=\"1500\" height=\"1125\" src=\"https:\/\/tirondet.com\/wp-content\/uploads\/2024\/12\/IMG_4965.jpg\" class=\"bg attachment-original size-original\" alt=\"\" \/>                                    \n                    <\/div>\n\t\t\n        <div class=\"banner-layers container\">\n            <div class=\"fill banner-link\"><\/div>            \n   <div id=\"text-box-778465320\" class=\"text-box banner-layer x50 md-x50 lg-x50 y50 md-y50 lg-y50 res-text\">\n                                <div class=\"text-box-content text dark\">\n              \n              <div class=\"text-inner text-center\">\n                  \n              <\/div>\n           <\/div>\n                            \n<style>\n#text-box-778465320 {\n  width: 60%;\n}\n#text-box-778465320 .text-box-content {\n  font-size: 100%;\n}\n@media (min-width:550px) {\n  #text-box-778465320 {\n    width: 60%;\n  }\n}\n<\/style>\n    <\/div>\n \n        <\/div>\n      <\/div>\n\n            \n<style>\n#banner-1607544037 {\n  padding-top: 70%;\n  background-color: rgb(33, 33, 33);\n}\n#banner-1607544037 .banner-bg img {\n  object-position: 44% 100%;\n}\n@media (min-width:550px) {\n  #banner-1607544037 {\n    padding-top: 25%;\n  }\n}\n<\/style>\n  <\/div>\n\n\n\t\t<\/div>\n\n\t\t\n<style>\n#section_882358294 {\n  padding-top: 0px;\n  padding-bottom: 0px;\n  background-color: rgb(255,255,255);\n}\n<\/style>\n\t<\/section>\n\t\n","protected":false},"excerpt":{"rendered":"","protected":false},"author":2,"featured_media":0,"parent":1832,"menu_order":0,"comment_status":"closed","ping_status":"closed","template":"page-blank.php","meta":{"footnotes":""},"class_list":["post-1599","page","type-page","status-publish","hentry"],"_links":{"self":[{"href":"https:\/\/tirondet.com\/fr\/wp-json\/wp\/v2\/pages\/1599","targetHints":{"allow":["GET"]}}],"collection":[{"href":"https:\/\/tirondet.com\/fr\/wp-json\/wp\/v2\/pages"}],"about":[{"href":"https:\/\/tirondet.com\/fr\/wp-json\/wp\/v2\/types\/page"}],"author":[{"embeddable":true,"href":"https:\/\/tirondet.com\/fr\/wp-json\/wp\/v2\/users\/2"}],"replies":[{"embeddable":true,"href":"https:\/\/tirondet.com\/fr\/wp-json\/wp\/v2\/comments?post=1599"}],"version-history":[{"count":8,"href":"https:\/\/tirondet.com\/fr\/wp-json\/wp\/v2\/pages\/1599\/revisions"}],"predecessor-version":[{"id":1842,"href":"https:\/\/tirondet.com\/fr\/wp-json\/wp\/v2\/pages\/1599\/revisions\/1842"}],"up":[{"embeddable":true,"href":"https:\/\/tirondet.com\/fr\/wp-json\/wp\/v2\/pages\/1832"}],"wp:attachment":[{"href":"https:\/\/tirondet.com\/fr\/wp-json\/wp\/v2\/media?parent=1599"}],"curies":[{"name":"wp","href":"https:\/\/api.w.org\/{rel}","templated":true}]}}