{"id":1780,"date":"2024-12-26T09:18:02","date_gmt":"2024-12-26T09:18:02","guid":{"rendered":"https:\/\/tirondet.com\/omgeving\/"},"modified":"2025-10-30T21:20:47","modified_gmt":"2025-10-30T21:20:47","slug":"omgeving","status":"publish","type":"page","link":"https:\/\/tirondet.com\/fr\/omgeving\/","title":{"rendered":"Omgeving"},"content":{"rendered":"\n  <div class=\"banner has-hover has-parallax\" id=\"banner-1207381735\">\n          <div class=\"banner-inner fill\">\n        <div class=\"banner-bg fill\" data-parallax=\"-4\" data-parallax-container=\".banner\" data-parallax-background>\n            <img loading=\"lazy\" decoding=\"async\" width=\"1500\" height=\"1125\" src=\"https:\/\/tirondet.com\/wp-content\/uploads\/2024\/12\/IMG_4181.jpg\" class=\"bg attachment-original size-original\" alt=\"\" \/>                                    \n                    <\/div>\n\t\t\n        <div class=\"banner-layers container\">\n            <div class=\"fill banner-link\"><\/div>            \n   <div id=\"text-box-1986513991\" class=\"text-box banner-layer x50 md-x50 lg-x50 y50 md-y50 lg-y50 res-text\">\n                                <div class=\"text-box-content text dark\">\n              \n              <div class=\"text-inner text-center\">\n                  \n              <\/div>\n           <\/div>\n                            \n<style>\n#text-box-1986513991 {\n  width: 100%;\n}\n#text-box-1986513991 .text-box-content {\n  font-size: 100%;\n}\n<\/style>\n    <\/div>\n \n        <\/div>\n      <\/div>\n\n            \n<style>\n#banner-1207381735 {\n  padding-top: 175%;\n}\n#banner-1207381735 .banner-bg img {\n  object-position: 49% 66%;\n}\n@media (min-width:550px) {\n  #banner-1207381735 {\n    padding-top: 25%;\n  }\n}\n<\/style>\n  <\/div>\n\n\n\n\t<section class=\"section\" id=\"section_1449419070\">\n\t\t<div class=\"section-bg fill\" >\n\t\t\t\t\t\t\t\t\t<div class=\"section-bg-overlay absolute fill\"><\/div>\n\t\t\t\n\n\t\t<\/div>\n\n\t\t\n\n\t\t<div class=\"section-content relative\">\n\t\t\t\n<div class=\"row align-center\"  id=\"row-1234371150\">\n\n\t<div id=\"col-53697240\" class=\"col medium-9 small-12 large-9\"  data-animate=\"fadeInUp\">\n\t\t\t\t<div class=\"col-inner text-left\"  >\n\t\t\t\n\t\t\t\n\t<div id=\"text-1954187834\" class=\"text\">\n\t\t\n<h1 style=\"text-align: center;\">Calme et nature au c\u0153ur de la France<\/h1>\n<p style=\"text-align: center;\">La Creuse, un joyau cach\u00e9 au c\u0153ur de la France, est un paradis pour les amateurs de tranquillit\u00e9, de nature et de charme authentique. Ce d\u00e9partement pr\u00e9serv\u00e9, loin du tourisme de masse, offre d\u2019innombrables possibilit\u00e9s pour se d\u00e9tendre et profiter de la campagne fran\u00e7aise. <\/p>\n<p style=\"text-align: center;\">Avec ses collines ondulantes, ses for\u00eats vastes et ses innombrables sentiers de randonn\u00e9e et pistes cyclables, la Creuse est un v\u00e9ritable eldorado pour les amoureux de la nature. Explorez les villages pittoresques, les ch\u00e2teaux intimistes et les lacs paisibles o\u00f9 vous pouvez nager ou p\u00eacher. Le silence y est v\u00e9ritablement profond, et le ciel \u00e9toil\u00e9 nocturne est \u00e0 couper le souffle.  <\/p>\n<p style=\"text-align: center;\">Que vous optiez pour une promenade relaxante, une excursion culturelle dans des villes charmantes comme Aubusson \u2013 c\u00e9l\u00e8bre pour son art ancien de la tapisserie \u2013 ou simplement pour savourer l\u2019ambiance sereine, la Creuse offre une exp\u00e9rience \u00e0 la fois apaisante et inspirante. D\u00e9couvrez cette r\u00e9gion unique et laissez-vous surprendre par sa simplicit\u00e9 et sa beaut\u00e9 naturelle. <\/p>\n\t\t\n<style>\n#text-1954187834 {\n  text-align: center;\n}\n<\/style>\n\t<\/div>\n\t\n\t\t<\/div>\n\t\t\t\t\t<\/div>\n\n\t\n<\/div>\n\t\t<\/div>\n\n\t\t\n<style>\n#section_1449419070 {\n  padding-top: 25%;\n  padding-bottom: 25%;\n}\n#section_1449419070 .section-bg-overlay {\n  background-color: rgba(255, 255, 255, 0.965);\n}\n@media (min-width:550px) {\n  #section_1449419070 {\n    padding-top: 50px;\n    padding-bottom: 50px;\n  }\n}\n<\/style>\n\t<\/section>\n\t\n\n\t<section class=\"section\" id=\"section_2050779766\">\n\t\t<div class=\"section-bg fill\" >\n\t\t\t\t\t\t\t\t\t\n\t\t\t\n\n\t\t<\/div>\n\n\t\t\n\n\t\t<div class=\"section-content relative\">\n\t\t\t\n<div class=\"row row-collapse row-full-width\"  id=\"row-1818500750\">\n\n\t<div id=\"col-509900270\" class=\"col medium-6 small-12 large-6\"  >\n\t\t\t\t<div class=\"col-inner\" style=\"background-color:rgb(0,0,0);\" >\n\t\t\t\n\t\t\t\n\n  <div class=\"banner has-hover has-parallax\" id=\"banner-794412105\">\n          <div class=\"banner-inner fill\">\n        <div class=\"banner-bg fill\" data-parallax=\"-1\" data-parallax-container=\".banner\" data-parallax-background>\n            <img loading=\"lazy\" decoding=\"async\" width=\"1500\" height=\"1125\" src=\"https:\/\/tirondet.com\/wp-content\/uploads\/2024\/12\/IMG_9711.jpg\" class=\"bg attachment-original size-original\" alt=\"\" \/>                                    \n                    <\/div>\n\t\t\n        <div class=\"banner-layers container\">\n            <div class=\"fill banner-link\"><\/div>            \n   <div id=\"text-box-1203945143\" class=\"text-box banner-layer x50 md-x50 lg-x50 y50 md-y50 lg-y50 res-text\">\n                                <div class=\"text-box-content text dark\">\n              \n              <div class=\"text-inner text-center\">\n                  \n              <\/div>\n           <\/div>\n                            \n<style>\n#text-box-1203945143 {\n  width: 60%;\n}\n#text-box-1203945143 .text-box-content {\n  font-size: 100%;\n}\n@media (min-width:550px) {\n  #text-box-1203945143 {\n    width: 60%;\n  }\n}\n<\/style>\n    <\/div>\n \n        <\/div>\n      <\/div>\n\n            \n<style>\n#banner-794412105 {\n  padding-top: 99.99%;\n}\n#banner-794412105 .banner-bg img {\n  object-position: 100% 43%;\n}\n@media (min-width:550px) {\n  #banner-794412105 {\n    padding-top: 75%;\n  }\n}\n<\/style>\n  <\/div>\n\n\n\t\t<\/div>\n\t\t\t\t\t<\/div>\n\n\t\n\n\t<div id=\"col-1095001329\" class=\"col medium-6 small-12 large-6\"  >\n\t\t\t\t<div class=\"col-inner\"  >\n\t\t\t\n\t\t\t\n<div class=\"row row-collapse align-center\"  id=\"row-1820982397\">\n\n\t<div id=\"col-1689131175\" class=\"col medium-9 small-10 large-9\"  >\n\t\t\t\t<div class=\"col-inner\"  >\n\t\t\t\n\t\t\t\n<h1>Authentique et accueillant<\/h1>\n<p>Sannat, une charmante commune de seulement 350 habitants r\u00e9partis sur plusieurs hameaux, respire la tranquillit\u00e9 et la simplicit\u00e9. Au c\u0153ur du village se trouve une \u00e9picerie de quartier unique, tenue par des b\u00e9n\u00e9voles, o\u00f9 vous pouvez trouver des produits locaux et profiter d\u2019un bar convivial. En \u00e9t\u00e9, Sannat s\u2019anime avec des \u00e9v\u00e9nements et festivit\u00e9s \u00e0 petite \u00e9chelle le week-end, faisant de ce village un lieu vivant et chaleureux. Depuis Sannat, vous pouvez facilement explorer la beaut\u00e9 naturelle et le charme historique de la Creuse.   <\/p>\n\t\t<\/div>\n\t\t\t\t\n<style>\n#col-1689131175 > .col-inner {\n  padding: 50px 0px 50px 0px;\n}\n<\/style>\n\t<\/div>\n\n\t\n\n<style>\n#row-1820982397 > .col > .col-inner {\n  padding: 40px 0px 20px 0px;\n}\n@media (min-width:550px) {\n  #row-1820982397 > .col > .col-inner {\n    padding: 5% 0px 0px 0px;\n  }\n}\n<\/style>\n<\/div>\n\t\t<\/div>\n\t\t\t\t\t<\/div>\n\n\t\n<\/div>\n\t\t<\/div>\n\n\t\t\n<style>\n#section_2050779766 {\n  padding-top: 0px;\n  padding-bottom: 0px;\n}\n<\/style>\n\t<\/section>\n\t\n\n\t<section class=\"section\" id=\"section_775569916\">\n\t\t<div class=\"section-bg fill\" >\n\t\t\t\t\t\t\t\t\t\n\t\t\t\n\n\t\t<\/div>\n\n\t\t\n\n\t\t<div class=\"section-content relative\">\n\t\t\t\n<div class=\"row row-collapse row-full-width\"  id=\"row-612808331\">\n\n\t<div id=\"col-1031497777\" class=\"col medium-6 small-12 large-6\"  >\n\t\t\t\t<div class=\"col-inner\"  >\n\t\t\t\n\t\t\t\n<div class=\"row row-collapse align-center\"  id=\"row-1531043661\">\n\n\t<div id=\"col-512787475\" class=\"col medium-9 small-10 large-9\"  >\n\t\t\t\t<div class=\"col-inner\"  >\n\t\t\t\n\t\t\t\n\t<div id=\"text-3263477684\" class=\"text\">\n\t\t\n<h1>D\u00e9couvrez les villages voisins<\/h1>\n<p>\u00c0 proximit\u00e9 du Ch\u00e2teau du Tirondet se trouvent quelques villages plus importants, tels qu\u2019\u00c9vaux-les-Bains et Chambon-sur-Voueize, accessibles \u00e0 v\u00e9lo (\u00e9lectrique). Vous y trouverez des supermarch\u00e9s, des commerces et des restaurants conviviaux. D\u00e9couvrez le charme de ces lieux historiques tout en profitant d\u2019une agr\u00e9able excursion dans les environs.  <\/p>\n\t\t\n<style>\n#text-3263477684 {\n  text-align: right;\n}\n<\/style>\n\t<\/div>\n\t\n\t\t<\/div>\n\t\t\t\t\n<style>\n#col-512787475 > .col-inner {\n  padding: 50px 0px 50px 0px;\n}\n<\/style>\n\t<\/div>\n\n\t\n\n<style>\n#row-1531043661 > .col > .col-inner {\n  padding: 40px 0px 20px 0px;\n}\n@media (min-width:550px) {\n  #row-1531043661 > .col > .col-inner {\n    padding: 5% 0px 0px 0px;\n  }\n}\n<\/style>\n<\/div>\n\t\t<\/div>\n\t\t\t\t\t<\/div>\n\n\t\n\n\t<div id=\"col-2141755007\" class=\"col medium-6 small-12 large-6 small-col-first\"  >\n\t\t\t\t<div class=\"col-inner\" style=\"background-color:rgb(0,0,0);\" >\n\t\t\t\n\t\t\t\n<div class=\"slider-wrapper relative\" id=\"slider-106389822\" >\n    <div class=\"slider slider-type-fade slider-nav-dots-dashes-spaced slider-nav-simple slider-nav-large slider-nav-dark slider-style-normal\"\n        data-flickity-options='{\n            \"cellAlign\": \"center\",\n            \"imagesLoaded\": true,\n            \"lazyLoad\": 1,\n            \"freeScroll\": false,\n            \"wrapAround\": true,\n            \"autoPlay\": 6000,\n            \"pauseAutoPlayOnHover\" : true,\n            \"prevNextButtons\": true,\n            \"contain\" : true,\n            \"adaptiveHeight\" : true,\n            \"dragThreshold\" : 10,\n            \"percentPosition\": true,\n            \"pageDots\": false,\n            \"rightToLeft\": false,\n            \"draggable\": true,\n            \"selectedAttraction\": 0.1,\n            \"parallax\" : 0,\n            \"friction\": 0.6        }'\n        >\n        \n\n  <div class=\"banner has-hover has-parallax\" id=\"banner-956101857\">\n          <div class=\"banner-inner fill\">\n        <div class=\"banner-bg fill\" data-parallax=\"-1\" data-parallax-container=\".banner\" data-parallax-background>\n            <img loading=\"lazy\" decoding=\"async\" width=\"1500\" height=\"1125\" src=\"https:\/\/tirondet.com\/wp-content\/uploads\/2024\/12\/IMG_2647.jpg\" class=\"bg attachment-original size-original\" alt=\"\" \/>                                    \n                    <\/div>\n\t\t\n        <div class=\"banner-layers container\">\n            <div class=\"fill banner-link\"><\/div>            \n   <div id=\"text-box-1240086075\" class=\"text-box banner-layer x50 md-x50 lg-x50 y50 md-y50 lg-y50 res-text\">\n                                <div class=\"text-box-content text dark\">\n              \n              <div class=\"text-inner text-center\">\n                  \n              <\/div>\n           <\/div>\n                            \n<style>\n#text-box-1240086075 {\n  width: 60%;\n}\n#text-box-1240086075 .text-box-content {\n  font-size: 100%;\n}\n@media (min-width:550px) {\n  #text-box-1240086075 {\n    width: 60%;\n  }\n}\n<\/style>\n    <\/div>\n \n        <\/div>\n      <\/div>\n\n            \n<style>\n#banner-956101857 {\n  padding-top: 300px;\n}\n#banner-956101857 .banner-bg img {\n  object-position: 100% 36%;\n}\n@media (min-width:550px) {\n  #banner-956101857 {\n    padding-top: 75%;\n  }\n}\n<\/style>\n  <\/div>\n\n\n     <\/div>\n\n     <div class=\"loading-spin dark large centered\"><\/div>\n\n\t<\/div>\n\n\n\t\t<\/div>\n\t\t\t\t\t<\/div>\n\n\t\n<\/div>\n\t\t<\/div>\n\n\t\t\n<style>\n#section_775569916 {\n  padding-top: 25%;\n  padding-bottom: 25%;\n}\n@media (min-width:550px) {\n  #section_775569916 {\n    padding-top: 0px;\n    padding-bottom: 0px;\n  }\n}\n<\/style>\n\t<\/section>\n\t\n\n\t<section class=\"section\" id=\"section_1650561169\">\n\t\t<div class=\"section-bg fill\" >\n\t\t\t\t\t\t\t\t\t<div class=\"section-bg-overlay absolute fill\"><\/div>\n\t\t\t\n\n\t\t<\/div>\n\n\t\t\n\n\t\t<div class=\"section-content relative\">\n\t\t\t\n<div class=\"row align-center\"  id=\"row-1706421054\">\n\n\t<div id=\"col-249395168\" class=\"col medium-9 small-12 large-9\"  data-animate=\"fadeInUp\">\n\t\t\t\t<div class=\"col-inner text-left\"  >\n\t\t\t\n\t\t\t\n<blockquote>\n<h2 style=\"text-align: center;\"><em>\u00a0\u00bb Des aventures en pleine nature aux soir\u00e9es d\u00e9tendues sous les \u00e9toiles. Ici, vous d\u00e9couvrirez ce que signifie vraiment des vacances. \u00a0\u00bb <\/em><\/h2>\n<\/blockquote>\n\t\t<\/div>\n\t\t\t\t\t<\/div>\n\n\t\n<\/div>\n\t\t<\/div>\n\n\t\t\n<style>\n#section_1650561169 {\n  padding-top: 25%;\n  padding-bottom: 25%;\n}\n#section_1650561169 .section-bg-overlay {\n  background-color: rgba(255, 255, 255, 0.965);\n}\n@media (min-width:550px) {\n  #section_1650561169 {\n    padding-top: 3%;\n    padding-bottom: 3%;\n  }\n}\n<\/style>\n\t<\/section>\n\t\n\n\t<section class=\"section\" id=\"section_1998567658\">\n\t\t<div class=\"section-bg fill\" >\n\t\t\t\t\t\t\t\t\t\n\t\t\t\n\n\t\t<\/div>\n\n\t\t\n\n\t\t<div class=\"section-content relative\">\n\t\t\t\n<div class=\"row row-collapse row-full-width\"  id=\"row-382170581\">\n\n\t<div id=\"col-644449644\" class=\"col medium-6 small-12 large-6\"  >\n\t\t\t\t<div class=\"col-inner\" style=\"background-color:rgb(0,0,0);\" >\n\t\t\t\n\t\t\t\n\n  <div class=\"banner has-hover has-parallax\" id=\"banner-1322382446\">\n          <div class=\"banner-inner fill\">\n        <div class=\"banner-bg fill\" data-parallax=\"-1\" data-parallax-container=\".banner\" data-parallax-background>\n            <img loading=\"lazy\" decoding=\"async\" width=\"1500\" height=\"2000\" src=\"https:\/\/tirondet.com\/wp-content\/uploads\/2024\/12\/IMG_0611.jpg\" class=\"bg attachment-original size-original\" alt=\"\" \/>                                    \n                    <\/div>\n\t\t\n        <div class=\"banner-layers container\">\n            <div class=\"fill banner-link\"><\/div>            \n   <div id=\"text-box-106728384\" class=\"text-box banner-layer x50 md-x50 lg-x50 y50 md-y50 lg-y50 res-text\">\n                                <div class=\"text-box-content text dark\">\n              \n              <div class=\"text-inner text-center\">\n                  \n              <\/div>\n           <\/div>\n                            \n<style>\n#text-box-106728384 {\n  width: 60%;\n}\n#text-box-106728384 .text-box-content {\n  font-size: 100%;\n}\n@media (min-width:550px) {\n  #text-box-106728384 {\n    width: 60%;\n  }\n}\n<\/style>\n    <\/div>\n \n        <\/div>\n      <\/div>\n\n            \n<style>\n#banner-1322382446 {\n  padding-top: 99.99%;\n}\n#banner-1322382446 .banner-bg img {\n  object-position: 100% 43%;\n}\n@media (min-width:550px) {\n  #banner-1322382446 {\n    padding-top: 75%;\n  }\n}\n<\/style>\n  <\/div>\n\n\n\t\t<\/div>\n\t\t\t\t\t<\/div>\n\n\t\n\n\t<div id=\"col-1290728678\" class=\"col medium-6 small-12 large-6\"  >\n\t\t\t\t<div class=\"col-inner\"  >\n\t\t\t\n\t\t\t\n<div class=\"row row-collapse align-center\"  id=\"row-504323820\">\n\n\t<div id=\"col-1880137746\" class=\"col medium-9 small-10 large-9\"  >\n\t\t\t\t<div class=\"col-inner\"  >\n\t\t\t\n\t\t\t\n<h1>Villes \u00e0 proximit\u00e9<\/h1>\n<p>\u00c0 environ 40 minutes en voiture du Ch\u00e2teau du Tirondet se trouvent les villes d\u2019Aubusson et de Montlu\u00e7on, accessibles par des routes pittoresques \u00e0 travers les magnifiques paysages de la Creuse.<\/p>\n<p>Aubusson est mondialement c\u00e9l\u00e8bre pour sa tradition s\u00e9culaire de tissage de tapis. Une visite \u00e0 la Cit\u00e9 Internationale de la Tapisserie est un incontournable, o\u00f9 vous d\u00e9couvrirez l\u2019histoire riche et le savoir-faire derri\u00e8re cet art unique. <\/p>\n<p>Montlu\u00e7on offre un m\u00e9lange de charme m\u00e9di\u00e9val et de commodit\u00e9s modernes. Le centre historique, avec le Ch\u00e2teau des Ducs de Bourbon, invite \u00e0 la promenade et \u00e0 la d\u00e9couverte. Les amateurs de musique pourront visiter le MuPop \u2013 Mus\u00e9e de la Musique Populaire, avec une vaste collection d\u2019instruments et des expositions interactives.  <\/p>\n<p>Les deux villes proposent de nombreux commerces, caf\u00e9s et restaurants, en faisant des destinations id\u00e9ales pour une excursion d\u2019une journ\u00e9e lors de votre s\u00e9jour sur notre domaine.<\/p>\n\t\t<\/div>\n\t\t\t\t\n<style>\n#col-1880137746 > .col-inner {\n  padding: 50px 0px 50px 0px;\n}\n<\/style>\n\t<\/div>\n\n\t\n\n<style>\n#row-504323820 > .col > .col-inner {\n  padding: 40px 0px 20px 0px;\n}\n@media (min-width:550px) {\n  #row-504323820 > .col > .col-inner {\n    padding: 5% 0px 0px 0px;\n  }\n}\n<\/style>\n<\/div>\n\t\t<\/div>\n\t\t\t\t\t<\/div>\n\n\t\n<\/div>\n\t\t<\/div>\n\n\t\t\n<style>\n#section_1998567658 {\n  padding-top: 0px;\n  padding-bottom: 0px;\n}\n<\/style>\n\t<\/section>\n\t\n\n\t<section class=\"section\" id=\"section_1330633704\">\n\t\t<div class=\"section-bg fill\" >\n\t\t\t\t\t\t\t\t\t\n\t\t\t\n\n\t\t<\/div>\n\n\t\t\n\n\t\t<div class=\"section-content relative\">\n\t\t\t\n<div class=\"row row-collapse row-full-width\"  id=\"row-397300489\">\n\n\t<div id=\"col-1110710030\" class=\"col medium-6 small-12 large-6\"  >\n\t\t\t\t<div class=\"col-inner\"  >\n\t\t\t\n\t\t\t\n<div class=\"row row-collapse align-center\"  id=\"row-20899404\">\n\n\t<div id=\"col-1121353642\" class=\"col medium-9 small-10 large-9\"  >\n\t\t\t\t<div class=\"col-inner\"  >\n\t\t\t\n\t\t\t\n\t<div id=\"text-1584865189\" class=\"text\">\n\t\t\n<h1>March\u00e9s charmants<\/h1>\n<p>Dans les environs, il y a presque chaque jour un march\u00e9 ou une brocante \u00e0 d\u00e9couvrir. Des march\u00e9s intimistes et conviviaux aux \u00e9v\u00e9nements plus importants, le choix est vari\u00e9. Les march\u00e9s de Felletin et de Boussac sont particuli\u00e8rement recommand\u00e9s. Fl\u00e2nez parmi les \u00e9tals proposant des produits locaux, des articles artisanaux et des trouvailles uniques, et impr\u00e9gnez-vous de l\u2019authentique ambiance de la r\u00e9gion.   <\/p>\n\t\t\n<style>\n#text-1584865189 {\n  text-align: right;\n}\n<\/style>\n\t<\/div>\n\t\n\t\t<\/div>\n\t\t\t\t\n<style>\n#col-1121353642 > .col-inner {\n  padding: 50px 0px 50px 0px;\n}\n<\/style>\n\t<\/div>\n\n\t\n\n<style>\n#row-20899404 > .col > .col-inner {\n  padding: 40px 0px 20px 0px;\n}\n@media (min-width:550px) {\n  #row-20899404 > .col > .col-inner {\n    padding: 5% 0px 0px 0px;\n  }\n}\n<\/style>\n<\/div>\n\t\t<\/div>\n\t\t\t\t\t<\/div>\n\n\t\n\n\t<div id=\"col-1289241578\" class=\"col medium-6 small-12 large-6 small-col-first\"  >\n\t\t\t\t<div class=\"col-inner\" style=\"background-color:rgb(0,0,0);\" >\n\t\t\t\n\t\t\t\n<div class=\"slider-wrapper relative\" id=\"slider-922703542\" >\n    <div class=\"slider slider-type-fade slider-nav-dots-dashes-spaced slider-nav-simple slider-nav-large slider-nav-dark slider-style-normal\"\n        data-flickity-options='{\n            \"cellAlign\": \"center\",\n            \"imagesLoaded\": true,\n            \"lazyLoad\": 1,\n            \"freeScroll\": false,\n            \"wrapAround\": true,\n            \"autoPlay\": 6000,\n            \"pauseAutoPlayOnHover\" : true,\n            \"prevNextButtons\": true,\n            \"contain\" : true,\n            \"adaptiveHeight\" : true,\n            \"dragThreshold\" : 10,\n            \"percentPosition\": true,\n            \"pageDots\": false,\n            \"rightToLeft\": false,\n            \"draggable\": true,\n            \"selectedAttraction\": 0.1,\n            \"parallax\" : 0,\n            \"friction\": 0.6        }'\n        >\n        \n\n  <div class=\"banner has-hover has-parallax\" id=\"banner-1389093143\">\n          <div class=\"banner-inner fill\">\n        <div class=\"banner-bg fill\" data-parallax=\"-1\" data-parallax-container=\".banner\" data-parallax-background>\n            <img loading=\"lazy\" decoding=\"async\" width=\"1500\" height=\"1125\" src=\"https:\/\/tirondet.com\/wp-content\/uploads\/2024\/12\/IMG_5191.jpg\" class=\"bg attachment-original size-original\" alt=\"\" \/>                                    \n                    <\/div>\n\t\t\n        <div class=\"banner-layers container\">\n            <div class=\"fill banner-link\"><\/div>            \n   <div id=\"text-box-1445232004\" class=\"text-box banner-layer x50 md-x50 lg-x50 y50 md-y50 lg-y50 res-text\">\n                                <div class=\"text-box-content text dark\">\n              \n              <div class=\"text-inner text-center\">\n                  \n              <\/div>\n           <\/div>\n                            \n<style>\n#text-box-1445232004 {\n  width: 60%;\n}\n#text-box-1445232004 .text-box-content {\n  font-size: 100%;\n}\n@media (min-width:550px) {\n  #text-box-1445232004 {\n    width: 60%;\n  }\n}\n<\/style>\n    <\/div>\n \n        <\/div>\n      <\/div>\n\n            \n<style>\n#banner-1389093143 {\n  padding-top: 300px;\n}\n#banner-1389093143 .banner-bg img {\n  object-position: 100% 36%;\n}\n@media (min-width:550px) {\n  #banner-1389093143 {\n    padding-top: 75%;\n  }\n}\n<\/style>\n  <\/div>\n\n\n     <\/div>\n\n     <div class=\"loading-spin dark large centered\"><\/div>\n\n\t<\/div>\n\n\n\t\t<\/div>\n\t\t\t\t\t<\/div>\n\n\t\n<\/div>\n\t\t<\/div>\n\n\t\t\n<style>\n#section_1330633704 {\n  padding-top: 25%;\n  padding-bottom: 25%;\n}\n@media (min-width:550px) {\n  #section_1330633704 {\n    padding-top: 0px;\n    padding-bottom: 0px;\n  }\n}\n<\/style>\n\t<\/section>\n\t\n\n\t<section class=\"section\" id=\"section_1046289775\">\n\t\t<div class=\"section-bg fill\" >\n\t\t\t\t\t\t\t\t\t\n\t\t\t\n\n\t\t<\/div>\n\n\t\t\n\n\t\t<div class=\"section-content relative\">\n\t\t\t\n<div class=\"row row-collapse row-full-width\"  id=\"row-1688018989\">\n\n\t<div id=\"col-510745350\" class=\"col medium-6 small-12 large-6\"  >\n\t\t\t\t<div class=\"col-inner\" style=\"background-color:rgb(0,0,0);\" >\n\t\t\t\n\t\t\t\n\n  <div class=\"banner has-hover has-parallax\" id=\"banner-169799072\">\n          <div class=\"banner-inner fill\">\n        <div class=\"banner-bg fill\" data-parallax=\"-1\" data-parallax-container=\".banner\" data-parallax-background>\n            <img loading=\"lazy\" decoding=\"async\" width=\"1500\" height=\"937\" src=\"https:\/\/tirondet.com\/wp-content\/uploads\/2024\/12\/IMG_1896.jpg\" class=\"bg attachment-original size-original\" alt=\"\" \/>                                    \n                    <\/div>\n\t\t\n        <div class=\"banner-layers container\">\n            <div class=\"fill banner-link\"><\/div>            \n   <div id=\"text-box-920797855\" class=\"text-box banner-layer x50 md-x50 lg-x50 y50 md-y50 lg-y50 res-text\">\n                                <div class=\"text-box-content text dark\">\n              \n              <div class=\"text-inner text-center\">\n                  \n              <\/div>\n           <\/div>\n                            \n<style>\n#text-box-920797855 {\n  width: 60%;\n}\n#text-box-920797855 .text-box-content {\n  font-size: 100%;\n}\n@media (min-width:550px) {\n  #text-box-920797855 {\n    width: 60%;\n  }\n}\n<\/style>\n    <\/div>\n \n        <\/div>\n      <\/div>\n\n            \n<style>\n#banner-169799072 {\n  padding-top: 99.99%;\n}\n#banner-169799072 .banner-bg img {\n  object-position: 100% 43%;\n}\n@media (min-width:550px) {\n  #banner-169799072 {\n    padding-top: 75%;\n  }\n}\n<\/style>\n  <\/div>\n\n\n\t\t<\/div>\n\t\t\t\t\t<\/div>\n\n\t\n\n\t<div id=\"col-85090053\" class=\"col medium-6 small-12 large-6\"  >\n\t\t\t\t<div class=\"col-inner\"  >\n\t\t\t\n\t\t\t\n<div class=\"row row-collapse align-center\"  id=\"row-767247937\">\n\n\t<div id=\"col-1594036750\" class=\"col medium-9 small-10 large-9\"  >\n\t\t\t\t<div class=\"col-inner\"  >\n\t\t\t\n\t\t\t\n<h1>Danser sur un volcan<\/h1>\n<p>\u00c0 un peu plus d\u2019une heure de notre domaine se trouve la c\u00e9l\u00e8bre cha\u00eene de volcans, la Cha\u00eene des Puys, inscrite au patrimoine mondial de l\u2019UNESCO. Le point culminant est le Puy de D\u00f4me, un impressionnant volcan de 1 465 m\u00e8tres de haut. Vous pourrez y profiter de vues spectaculaires et de magnifiques randonn\u00e9es. Pour ceux qui ne souhaitent pas marcher, un train panoramique permet de rejoindre le sommet.   <\/p>\n<p>Dans les environs, vous trouverez \u00e9galement d\u2019autres sites int\u00e9ressants, tels que le Volcan de Lempt\u00e9gy, une ancienne carri\u00e8re o\u00f9 l\u2019on peut explorer l\u2019int\u00e9rieur d\u2019un volcan, et Vulcania, un parc \u00e0 th\u00e8me \u00e9ducatif qui ravira autant les enfants que les adultes. Cette r\u00e9gion allie nature et aventure, id\u00e9ale pour une journ\u00e9e riche en d\u00e9couvertes. <\/p>\n\t\t<\/div>\n\t\t\t\t\n<style>\n#col-1594036750 > .col-inner {\n  padding: 50px 0px 50px 0px;\n}\n<\/style>\n\t<\/div>\n\n\t\n\n<style>\n#row-767247937 > .col > .col-inner {\n  padding: 40px 0px 20px 0px;\n}\n@media (min-width:550px) {\n  #row-767247937 > .col > .col-inner {\n    padding: 5% 0px 0px 0px;\n  }\n}\n<\/style>\n<\/div>\n\t\t<\/div>\n\t\t\t\t\t<\/div>\n\n\t\n<\/div>\n\t\t<\/div>\n\n\t\t\n<style>\n#section_1046289775 {\n  padding-top: 0px;\n  padding-bottom: 0px;\n}\n<\/style>\n\t<\/section>\n\t\n","protected":false},"excerpt":{"rendered":"","protected":false},"author":2,"featured_media":0,"parent":0,"menu_order":0,"comment_status":"closed","ping_status":"closed","template":"page-blank.php","meta":{"footnotes":""},"class_list":["post-1780","page","type-page","status-publish","hentry"],"_links":{"self":[{"href":"https:\/\/tirondet.com\/fr\/wp-json\/wp\/v2\/pages\/1780","targetHints":{"allow":["GET"]}}],"collection":[{"href":"https:\/\/tirondet.com\/fr\/wp-json\/wp\/v2\/pages"}],"about":[{"href":"https:\/\/tirondet.com\/fr\/wp-json\/wp\/v2\/types\/page"}],"author":[{"embeddable":true,"href":"https:\/\/tirondet.com\/fr\/wp-json\/wp\/v2\/users\/2"}],"replies":[{"embeddable":true,"href":"https:\/\/tirondet.com\/fr\/wp-json\/wp\/v2\/comments?post=1780"}],"version-history":[{"count":3,"href":"https:\/\/tirondet.com\/fr\/wp-json\/wp\/v2\/pages\/1780\/revisions"}],"predecessor-version":[{"id":1783,"href":"https:\/\/tirondet.com\/fr\/wp-json\/wp\/v2\/pages\/1780\/revisions\/1783"}],"wp:attachment":[{"href":"https:\/\/tirondet.com\/fr\/wp-json\/wp\/v2\/media?parent=1780"}],"curies":[{"name":"wp","href":"https:\/\/api.w.org\/{rel}","templated":true}]}}