{"id":1814,"date":"2024-12-19T11:55:48","date_gmt":"2024-12-19T11:55:48","guid":{"rendered":"https:\/\/tirondet.com\/hebergements\/"},"modified":"2025-10-31T09:27:46","modified_gmt":"2025-10-31T09:27:46","slug":"hebergements","status":"publish","type":"page","link":"https:\/\/tirondet.com\/fr\/hebergements\/","title":{"rendered":"H\u00e9bergements"},"content":{"rendered":"\n  <div class=\"banner has-hover has-parallax\" id=\"banner-590106816\">\n          <div class=\"banner-inner fill\">\n        <div class=\"banner-bg fill\" data-parallax=\"-4\" data-parallax-container=\".banner\" data-parallax-background>\n            <img loading=\"lazy\" decoding=\"async\" width=\"1920\" height=\"980\" src=\"https:\/\/tirondet.com\/wp-content\/uploads\/2024\/12\/Tirondet_003.jpg\" class=\"bg attachment-original size-original\" alt=\"\" \/>                                    \n                    <\/div>\n\t\t\n        <div class=\"banner-layers container\">\n            <div class=\"fill banner-link\"><\/div>            \n   <div id=\"text-box-970904114\" class=\"text-box banner-layer x50 md-x50 lg-x50 y50 md-y50 lg-y50 res-text\">\n                                <div class=\"text-box-content text dark\">\n              \n              <div class=\"text-inner text-center\">\n                  \n              <\/div>\n           <\/div>\n                            \n<style>\n#text-box-970904114 {\n  width: 100%;\n}\n#text-box-970904114 .text-box-content {\n  font-size: 100%;\n}\n<\/style>\n    <\/div>\n \n        <\/div>\n      <\/div>\n\n            \n<style>\n#banner-590106816 {\n  padding-top: 175%;\n}\n#banner-590106816 .banner-bg img {\n  object-position: 55% 43%;\n}\n@media (min-width:550px) {\n  #banner-590106816 {\n    padding-top: 25%;\n  }\n}\n<\/style>\n  <\/div>\n\n\n\n\t<section class=\"section\" id=\"section_2082012217\">\n\t\t<div class=\"section-bg fill\" >\n\t\t\t\t\t\t\t\t\t<div class=\"section-bg-overlay absolute fill\"><\/div>\n\t\t\t\n\n\t\t<\/div>\n\n\t\t\n\n\t\t<div class=\"section-content relative\">\n\t\t\t\n<div class=\"row align-center\"  id=\"row-1125267088\">\n\n\t<div id=\"col-246495644\" class=\"col medium-10 small-12 large-10\"  data-animate=\"fadeInUp\">\n\t\t\t\t<div class=\"col-inner text-center\"  >\n\t\t\t\n\t\t\t\n\t<div id=\"text-930891604\" class=\"text\">\n\t\t\n<h6>CHARME HISTORIQUE ET CONFORT MODERNE<\/h6>\n\t\t\n<style>\n#text-930891604 {\n  text-align: left;\n}\n@media (min-width:550px) {\n  #text-930891604 {\n    text-align: center;\n  }\n}\n<\/style>\n\t<\/div>\n\t\n\t<div id=\"text-2309499217\" class=\"text\">\n\t\t\n<h1 style=\"text-align: center\">Charme authentique, confort contemporain<\/h1>\n\t\t\n<style>\n#text-2309499217 {\n  text-align: left;\n}\n@media (min-width:550px) {\n  #text-2309499217 {\n    text-align: center;\n  }\n}\n<\/style>\n\t<\/div>\n\t\n<div class=\"row\"  id=\"row-1473736837\">\n\n\t<div id=\"col-808545010\" class=\"col small-12 large-12\"  >\n\t\t\t\t<div class=\"col-inner\"  >\n\t\t\t\n\t\t\t\n\t<div id=\"text-2990350980\" class=\"text\">\n\t\t\n<p style=\"text-align: center\">\u00c0 Ch\u00e2teau du Tirondet, tu s\u00e9journes dans des g\u00eetes o\u00f9 l\u2019histoire se marie harmonieusement avec le confort moderne. Nos h\u00e9bergements sont am\u00e9nag\u00e9s dans les anciennes fermes et d\u00e9pendances du domaine, autrefois habit\u00e9es par deux familles qui en assuraient l\u2019exploitation agricole. Les anciennes habitations, \u00e9tables, fours \u00e0 pain et granges ont \u00e9t\u00e9 soigneusement transform\u00e9s en lieux de s\u00e9jour pleins d\u2019atmosph\u00e8re, chacun avec son propre caract\u00e8re.  <\/p>\n<p style=\"text-align: center\">Outre les anciennes maisons paysannes, l\u2019ancienne \u00e9curie, la sellerie et l\u2019appartement de la cuisini\u00e8re ont \u00e9galement \u00e9t\u00e9 r\u00e9am\u00e9nag\u00e9s en g\u00eetes qui allient charme historique et confort moderne. Les murs \u00e9pais en pierre et les poutres en bois rappellent le pass\u00e9, tandis que les am\u00e9nagements confortables cr\u00e9ent une ambiance chaleureuse et accueillante. <\/p>\n<p style=\"text-align: center\">Certains h\u00e9bergements sont communicants par une porte int\u00e9rieure ferm\u00e9e, id\u00e9ale pour les groupes qui souhaitent partir ensemble tout en gardant leur intimit\u00e9. Pour les plus grands groupes, il est aussi possible de privatiser l\u2019ensemble du domaine, pouvant accueillir jusqu\u2019\u00e0 26 personnes. <\/p>\n<p style=\"text-align: center\">Les g\u00eetes sont situ\u00e9s dans les plus beaux recoins du domaine, offrant une vue verdoyante sur la campagne vallonn\u00e9e de la Creuse. Ils se trouvent \u00e0 deux pas de la for\u00eat et de ses sentiers de randonn\u00e9e, ainsi que de la piscine \u2014 toujours proches de la nature et du calme. <\/p>\n\t\t\n<style>\n#text-2990350980 {\n  text-align: left;\n}\n@media (min-width:550px) {\n  #text-2990350980 {\n    text-align: center;\n  }\n}\n<\/style>\n\t<\/div>\n\t\n\t\t<\/div>\n\t\t\t\t\t<\/div>\n\n\t\n<\/div>\n<a data-animate=\"fadeInUp\" href=\"https:\/\/tinyurl.com\/27j3x96w\" class=\"button secondary is-outline\"  >\n\t\t<span>Consulte les disponibilit\u00e9s et les tarifs<\/span>\n\t<\/a>\n\n\t\t<\/div>\n\t\t\t\t\t<\/div>\n\n\t\n<\/div>\n\t\t<\/div>\n\n\t\t\n<style>\n#section_2082012217 {\n  padding-top: 20%;\n  padding-bottom: 20%;\n}\n#section_2082012217 .section-bg-overlay {\n  background-color: rgba(255, 255, 255, 0.965);\n}\n@media (min-width:550px) {\n  #section_2082012217 {\n    padding-top: 15%;\n    padding-bottom: 15%;\n  }\n}\n@media (min-width:850px) {\n  #section_2082012217 {\n    padding-top: 3%;\n    padding-bottom: 3%;\n  }\n}\n<\/style>\n\t<\/section>\n\t\n\n\t<section class=\"section\" id=\"section_878041957\">\n\t\t<div class=\"section-bg fill\" >\n\t\t\t\t\t\t\t\t\t\n\t\t\t\n\n\t\t<\/div>\n\n\t\t\n\n\t\t<div class=\"section-content relative\">\n\t\t\t\n<div class=\"row\"  id=\"row-1014647218\">\n\n\t<div id=\"col-1362831549\" class=\"col medium-6 small-12 large-6\"  >\n\t\t\t\t<div class=\"col-inner\"  >\n\t\t\t\n\t\t\t\n\t<div class=\"box has-hover   has-hover box-text-bottom\" >\n\n\t\t<div class=\"box-image\" >\n\t\t\t<a href=\"https:\/\/tirondet.com\/accomodaties\/augustin-et-julienne\/\" >\t\t\t<div class=\"image-cover\" style=\"padding-top:50%;\">\n\t\t\t\t<img loading=\"lazy\" decoding=\"async\" width=\"1920\" height=\"980\" src=\"https:\/\/tirondet.com\/wp-content\/uploads\/2024\/12\/Tirondet_001.jpg\" class=\"attachment- size-\" alt=\"\" srcset=\"https:\/\/tirondet.com\/wp-content\/uploads\/2024\/12\/Tirondet_001.jpg 1920w, https:\/\/tirondet.com\/wp-content\/uploads\/2024\/12\/Tirondet_001-300x153.jpg 300w, https:\/\/tirondet.com\/wp-content\/uploads\/2024\/12\/Tirondet_001-1024x523.jpg 1024w, https:\/\/tirondet.com\/wp-content\/uploads\/2024\/12\/Tirondet_001-768x392.jpg 768w, https:\/\/tirondet.com\/wp-content\/uploads\/2024\/12\/Tirondet_001-1536x784.jpg 1536w\" sizes=\"auto, (max-width: 1920px) 100vw, 1920px\" \/>\t\t\t\t\t\t\t\t\t\t\t<\/div>\n\t\t\t<\/a>\t\t<\/div>\n\n\t\t<div class=\"box-text text-center\" >\n\t\t\t<div class=\"box-text-inner\">\n\t\t\t\t\n\t<div id=\"text-4242663904\" class=\"text\">\n\t\t\n<h5><strong>G\u00eete<\/strong> &#8211; <strong>Augustin et Julienne<\/strong> &#8211; 7 personnes<\/h5>\n\t\t\n<style>\n#text-4242663904 {\n  color: #3b3b3b;\n}\n#text-4242663904 > * {\n  color: #3b3b3b;\n}\n<\/style>\n\t<\/div>\n\t\n\t<div id=\"text-1301254970\" class=\"text\">\n\t\t\n<h6>7 personnes<\/h6>\n\t\t\n<style>\n#text-1301254970 {\n  color: #3b3b3b;\n}\n#text-1301254970 > * {\n  color: #3b3b3b;\n}\n<\/style>\n\t<\/div>\n\t\n\t\t\t<\/div>\n\t\t<\/div>\n\t<\/div>\n\t\n\t\t<\/div>\n\t\t\t\t\t<\/div>\n\n\t\n\n\t<div id=\"col-1185394647\" class=\"col medium-6 small-12 large-6\"  >\n\t\t\t\t<div class=\"col-inner\"  >\n\t\t\t\n\t\t\t\n\t<div class=\"box has-hover   has-hover box-text-bottom\" >\n\n\t\t<div class=\"box-image\" >\n\t\t\t<a href=\"https:\/\/tirondet.com\/fr\/hebergements\/gite-la-porcherie\/\" >\t\t\t<div class=\"image-cover\" style=\"padding-top:50%;\">\n\t\t\t\t<img loading=\"lazy\" decoding=\"async\" width=\"1920\" height=\"980\" src=\"https:\/\/tirondet.com\/wp-content\/uploads\/2024\/12\/IMG_9229.jpg\" class=\"attachment- size-\" alt=\"\" srcset=\"https:\/\/tirondet.com\/wp-content\/uploads\/2024\/12\/IMG_9229.jpg 1920w, https:\/\/tirondet.com\/wp-content\/uploads\/2024\/12\/IMG_9229-300x153.jpg 300w, https:\/\/tirondet.com\/wp-content\/uploads\/2024\/12\/IMG_9229-1024x523.jpg 1024w, https:\/\/tirondet.com\/wp-content\/uploads\/2024\/12\/IMG_9229-768x392.jpg 768w, https:\/\/tirondet.com\/wp-content\/uploads\/2024\/12\/IMG_9229-1536x784.jpg 1536w\" sizes=\"auto, (max-width: 1920px) 100vw, 1920px\" \/>\t\t\t\t\t\t\t\t\t\t\t<\/div>\n\t\t\t<\/a>\t\t<\/div>\n\n\t\t<div class=\"box-text text-center\" >\n\t\t\t<div class=\"box-text-inner\">\n\t\t\t\t\n\t<div id=\"text-4020266298\" class=\"text\">\n\t\t\n<h5><strong>G\u00eete<\/strong> &#8211; <strong>La Porcherie<\/strong> &#8211; 4 personnes<\/h5>\n\t\t\n<style>\n#text-4020266298 {\n  color: #3b3b3b;\n}\n#text-4020266298 > * {\n  color: #3b3b3b;\n}\n<\/style>\n\t<\/div>\n\t\n\t<div id=\"text-3323787745\" class=\"text\">\n\t\t\n<h6>7 personnes<\/h6>\n\t\t\n<style>\n#text-3323787745 {\n  color: #3b3b3b;\n}\n#text-3323787745 > * {\n  color: #3b3b3b;\n}\n<\/style>\n\t<\/div>\n\t\n\t\t\t<\/div>\n\t\t<\/div>\n\t<\/div>\n\t\n\t\t<\/div>\n\t\t\t\t\t<\/div>\n\n\t\n<\/div>\n<div class=\"row\"  id=\"row-413001923\">\n\n\t<div id=\"col-808789917\" class=\"col medium-6 small-12 large-6\"  >\n\t\t\t\t<div class=\"col-inner\"  >\n\t\t\t\n\t\t\t\n\t<div class=\"box has-hover   has-hover box-text-bottom\" >\n\n\t\t<div class=\"box-image\" >\n\t\t\t<a href=\"https:\/\/tirondet.com\/fr\/hebergements\/gite-la-reserve\/\" >\t\t\t<div class=\"image-cover\" style=\"padding-top:50%;\">\n\t\t\t\t<img loading=\"lazy\" decoding=\"async\" width=\"1500\" height=\"1125\" src=\"https:\/\/tirondet.com\/wp-content\/uploads\/2024\/12\/IMG_9836.jpg\" class=\"attachment- size-\" alt=\"\" srcset=\"https:\/\/tirondet.com\/wp-content\/uploads\/2024\/12\/IMG_9836.jpg 1500w, https:\/\/tirondet.com\/wp-content\/uploads\/2024\/12\/IMG_9836-300x225.jpg 300w, https:\/\/tirondet.com\/wp-content\/uploads\/2024\/12\/IMG_9836-1024x768.jpg 1024w, https:\/\/tirondet.com\/wp-content\/uploads\/2024\/12\/IMG_9836-768x576.jpg 768w\" sizes=\"auto, (max-width: 1500px) 100vw, 1500px\" \/>\t\t\t\t\t\t\t\t\t\t\t<\/div>\n\t\t\t<\/a>\t\t<\/div>\n\n\t\t<div class=\"box-text text-center\" >\n\t\t\t<div class=\"box-text-inner\">\n\t\t\t\t\n\t<div id=\"text-3098680349\" class=\"text\">\n\t\t\n<h5><strong>G\u00eete<\/strong> &#8211; <strong>La R\u00e9serve<\/strong> &#8211; 4 personnes<\/h5>\n\t\t\n<style>\n#text-3098680349 {\n  color: #3b3b3b;\n}\n#text-3098680349 > * {\n  color: #3b3b3b;\n}\n<\/style>\n\t<\/div>\n\t\n\t<div id=\"text-4099162346\" class=\"text\">\n\t\t\n<h6>7 personnes<\/h6>\n\t\t\n<style>\n#text-4099162346 {\n  color: #3b3b3b;\n}\n#text-4099162346 > * {\n  color: #3b3b3b;\n}\n<\/style>\n\t<\/div>\n\t\n\t\t\t<\/div>\n\t\t<\/div>\n\t<\/div>\n\t\n\t\t<\/div>\n\t\t\t\t\t<\/div>\n\n\t\n\n\t<div id=\"col-1484979124\" class=\"col medium-6 small-12 large-6\"  >\n\t\t\t\t<div class=\"col-inner\"  >\n\t\t\t\n\t\t\t\n\t<div class=\"box has-hover   has-hover box-text-bottom\" >\n\n\t\t<div class=\"box-image\" >\n\t\t\t<a href=\"https:\/\/tirondet.com\/fr\/hebergements\/gite-lecurie\/\" >\t\t\t<div class=\"image-cover\" style=\"padding-top:50%;\">\n\t\t\t\t<img loading=\"lazy\" decoding=\"async\" width=\"1500\" height=\"1125\" src=\"https:\/\/tirondet.com\/wp-content\/uploads\/2024\/12\/IMG_4553.jpg\" class=\"attachment- size-\" alt=\"\" srcset=\"https:\/\/tirondet.com\/wp-content\/uploads\/2024\/12\/IMG_4553.jpg 1500w, https:\/\/tirondet.com\/wp-content\/uploads\/2024\/12\/IMG_4553-300x225.jpg 300w, https:\/\/tirondet.com\/wp-content\/uploads\/2024\/12\/IMG_4553-1024x768.jpg 1024w, https:\/\/tirondet.com\/wp-content\/uploads\/2024\/12\/IMG_4553-768x576.jpg 768w\" sizes=\"auto, (max-width: 1500px) 100vw, 1500px\" \/>\t\t\t\t\t\t\t\t\t\t\t<\/div>\n\t\t\t<\/a>\t\t<\/div>\n\n\t\t<div class=\"box-text text-center\" >\n\t\t\t<div class=\"box-text-inner\">\n\t\t\t\t\n\t<div id=\"text-1714584038\" class=\"text\">\n\t\t\n<h5><strong>G\u00eete<\/strong> &#8211;<strong> L\u2019Ecurie<\/strong> &#8211; 5 personnes<\/h5>\n\t\t\n<style>\n#text-1714584038 {\n  color: #3b3b3b;\n}\n#text-1714584038 > * {\n  color: #3b3b3b;\n}\n<\/style>\n\t<\/div>\n\t\n\t<div id=\"text-3798474341\" class=\"text\">\n\t\t\n<h6>7 personnes<\/h6>\n\t\t\n<style>\n#text-3798474341 {\n  color: #3b3b3b;\n}\n#text-3798474341 > * {\n  color: #3b3b3b;\n}\n<\/style>\n\t<\/div>\n\t\n\t\t\t<\/div>\n\t\t<\/div>\n\t<\/div>\n\t\n\t\t<\/div>\n\t\t\t\t\t<\/div>\n\n\t\n<\/div>\n<div class=\"row\"  id=\"row-732045238\">\n\n\t<div id=\"col-108249260\" class=\"col medium-6 small-12 large-6\"  >\n\t\t\t\t<div class=\"col-inner\"  >\n\t\t\t\n\t\t\t\n\t<div class=\"box has-hover   has-hover box-text-bottom\" >\n\n\t\t<div class=\"box-image\" >\n\t\t\t<a href=\"https:\/\/tirondet.com\/fr\/hebergements\/studio-la-sellerie\/\" >\t\t\t<div class=\"image-cover\" style=\"padding-top:50%;\">\n\t\t\t\t<img loading=\"lazy\" decoding=\"async\" width=\"1500\" height=\"1125\" src=\"https:\/\/tirondet.com\/wp-content\/uploads\/2024\/12\/IMG_4511.jpg\" class=\"attachment- size-\" alt=\"\" srcset=\"https:\/\/tirondet.com\/wp-content\/uploads\/2024\/12\/IMG_4511.jpg 1500w, https:\/\/tirondet.com\/wp-content\/uploads\/2024\/12\/IMG_4511-300x225.jpg 300w, https:\/\/tirondet.com\/wp-content\/uploads\/2024\/12\/IMG_4511-1024x768.jpg 1024w, https:\/\/tirondet.com\/wp-content\/uploads\/2024\/12\/IMG_4511-768x576.jpg 768w\" sizes=\"auto, (max-width: 1500px) 100vw, 1500px\" \/>\t\t\t\t\t\t\t\t\t\t\t<\/div>\n\t\t\t<\/a>\t\t<\/div>\n\n\t\t<div class=\"box-text text-center\" >\n\t\t\t<div class=\"box-text-inner\">\n\t\t\t\t\n\t<div id=\"text-4158016728\" class=\"text\">\n\t\t\n<h5><strong>Studio<\/strong> &#8211; <strong>La Sellerie<\/strong> &#8211; 2 personnes<\/h5>\n\t\t\n<style>\n#text-4158016728 {\n  color: #3b3b3b;\n}\n#text-4158016728 > * {\n  color: #3b3b3b;\n}\n<\/style>\n\t<\/div>\n\t\n\t<div id=\"text-2939033568\" class=\"text\">\n\t\t\n<h6>7 personnes<\/h6>\n\t\t\n<style>\n#text-2939033568 {\n  color: #3b3b3b;\n}\n#text-2939033568 > * {\n  color: #3b3b3b;\n}\n<\/style>\n\t<\/div>\n\t\n\t\t\t<\/div>\n\t\t<\/div>\n\t<\/div>\n\t\n\t\t<\/div>\n\t\t\t\t\t<\/div>\n\n\t\n\n\t<div id=\"col-627711583\" class=\"col medium-6 small-12 large-6\"  >\n\t\t\t\t<div class=\"col-inner\"  >\n\t\t\t\n\t\t\t\n\t<div class=\"box has-hover   has-hover box-text-bottom\" >\n\n\t\t<div class=\"box-image\" >\n\t\t\t<a href=\"https:\/\/tirondet.com\/fr\/hebergements\/appartement-paulette\/\" >\t\t\t<div class=\"image-cover\" style=\"padding-top:50%;\">\n\t\t\t\t<img loading=\"lazy\" decoding=\"async\" width=\"2560\" height=\"1920\" src=\"https:\/\/tirondet.com\/wp-content\/uploads\/2025\/09\/IMG_7537-scaled.jpg\" class=\"attachment- size-\" alt=\"\" srcset=\"https:\/\/tirondet.com\/wp-content\/uploads\/2025\/09\/IMG_7537-scaled.jpg 2560w, https:\/\/tirondet.com\/wp-content\/uploads\/2025\/09\/IMG_7537-300x225.jpg 300w, https:\/\/tirondet.com\/wp-content\/uploads\/2025\/09\/IMG_7537-1024x768.jpg 1024w, https:\/\/tirondet.com\/wp-content\/uploads\/2025\/09\/IMG_7537-768x576.jpg 768w, https:\/\/tirondet.com\/wp-content\/uploads\/2025\/09\/IMG_7537-1536x1152.jpg 1536w, https:\/\/tirondet.com\/wp-content\/uploads\/2025\/09\/IMG_7537-2048x1536.jpg 2048w\" sizes=\"auto, (max-width: 2560px) 100vw, 2560px\" \/>\t\t\t\t\t\t\t\t\t\t\t<\/div>\n\t\t\t<\/a>\t\t<\/div>\n\n\t\t<div class=\"box-text text-center\" >\n\t\t\t<div class=\"box-text-inner\">\n\t\t\t\t\n\t<div id=\"text-3532731818\" class=\"text\">\n\t\t\n<h5><strong>Appartement<\/strong> &#8211; <strong>Paulette<\/strong> &#8211; 4 personnes<\/h5>\n\t\t\n<style>\n#text-3532731818 {\n  color: #3b3b3b;\n}\n#text-3532731818 > * {\n  color: #3b3b3b;\n}\n<\/style>\n\t<\/div>\n\t\n\t<div id=\"text-2914616389\" class=\"text\">\n\t\t\n<h6>7 personnes<\/h6>\n\t\t\n<style>\n#text-2914616389 {\n  color: #3b3b3b;\n}\n#text-2914616389 > * {\n  color: #3b3b3b;\n}\n<\/style>\n\t<\/div>\n\t\n\t\t\t<\/div>\n\t\t<\/div>\n\t<\/div>\n\t\n\t\t<\/div>\n\t\t\t\t\t<\/div>\n\n\t\n<\/div>\n<div class=\"row\"  id=\"row-787077471\">\n\n\t<div id=\"col-594935212\" class=\"col medium-6 small-12 large-6\"  >\n\t\t\t\t<div class=\"col-inner\"  >\n\t\t\t\n\t\t\t\n\t<div class=\"box has-hover   has-hover box-text-bottom\" >\n\n\t\t<div class=\"box-image\" >\n\t\t\t<a href=\"#\" >\t\t\t<div class=\"image-cover\" style=\"padding-top:50%;\">\n\t\t\t\t<img loading=\"lazy\" decoding=\"async\" width=\"870\" height=\"496\" src=\"https:\/\/tirondet.com\/wp-content\/uploads\/2024\/12\/CDT-ECURIE-SALON.jpg\" class=\"attachment- size-\" alt=\"\" srcset=\"https:\/\/tirondet.com\/wp-content\/uploads\/2024\/12\/CDT-ECURIE-SALON.jpg 870w, https:\/\/tirondet.com\/wp-content\/uploads\/2024\/12\/CDT-ECURIE-SALON-300x171.jpg 300w, https:\/\/tirondet.com\/wp-content\/uploads\/2024\/12\/CDT-ECURIE-SALON-768x438.jpg 768w\" sizes=\"auto, (max-width: 870px) 100vw, 870px\" \/>\t\t\t\t\t\t\t\t\t\t\t<\/div>\n\t\t\t<\/a>\t\t<\/div>\n\n\t\t<div class=\"box-text text-center\" >\n\t\t\t<div class=\"box-text-inner\">\n\t\t\t\t\n\t<div id=\"text-1430801209\" class=\"text\">\n\t\t\n<h5><strong>G\u00ee<\/strong><strong>te<\/strong> &#8211; <strong>L&rsquo;Ecurie &amp; La Sellerie<\/strong> &#8211; 7 personnes<\/h5>\n\t\t\n<style>\n#text-1430801209 {\n  color: #3b3b3b;\n}\n#text-1430801209 > * {\n  color: #3b3b3b;\n}\n<\/style>\n\t<\/div>\n\t\n\t<div id=\"text-4204429796\" class=\"text\">\n\t\t\n<h6>7 personnes<\/h6>\n\t\t\n<style>\n#text-4204429796 {\n  color: #3b3b3b;\n}\n#text-4204429796 > * {\n  color: #3b3b3b;\n}\n<\/style>\n\t<\/div>\n\t\n\t\t\t<\/div>\n\t\t<\/div>\n\t<\/div>\n\t\n\t\t<\/div>\n\t\t\t\t\t<\/div>\n\n\t\n\n\t<div id=\"col-1276547527\" class=\"col medium-6 small-12 large-6\"  >\n\t\t\t\t<div class=\"col-inner\"  >\n\t\t\t\n\t\t\t\n\t<div class=\"box has-hover   has-hover box-text-bottom\" >\n\n\t\t<div class=\"box-image\" >\n\t\t\t<a href=\"https:\/\/tirondet.com\/fr\/hebergements\/domaine-chateau-du-tirondet\/\" >\t\t\t<div class=\"image-cover\" style=\"padding-top:50%;\">\n\t\t\t\t<img loading=\"lazy\" decoding=\"async\" width=\"1170\" height=\"660\" src=\"https:\/\/tirondet.com\/wp-content\/uploads\/2024\/12\/Tirondet_021-e1734793096797.jpg\" class=\"attachment- size-\" alt=\"\" srcset=\"https:\/\/tirondet.com\/wp-content\/uploads\/2024\/12\/Tirondet_021-e1734793096797.jpg 1170w, https:\/\/tirondet.com\/wp-content\/uploads\/2024\/12\/Tirondet_021-e1734793096797-300x169.jpg 300w, https:\/\/tirondet.com\/wp-content\/uploads\/2024\/12\/Tirondet_021-e1734793096797-1024x578.jpg 1024w, https:\/\/tirondet.com\/wp-content\/uploads\/2024\/12\/Tirondet_021-e1734793096797-768x433.jpg 768w\" sizes=\"auto, (max-width: 1170px) 100vw, 1170px\" \/>\t\t\t\t\t\t\t\t\t\t\t<\/div>\n\t\t\t<\/a>\t\t<\/div>\n\n\t\t<div class=\"box-text text-center\" >\n\t\t\t<div class=\"box-text-inner\">\n\t\t\t\t\n\t<div id=\"text-2499238394\" class=\"text\">\n\t\t\n<h5><b>Domaine &#8211; Ch\u00e2teau du Tirondet<\/b> &#8211; 26 personnes<\/h5>\n\t\t\n<style>\n#text-2499238394 {\n  color: #3b3b3b;\n}\n#text-2499238394 > * {\n  color: #3b3b3b;\n}\n<\/style>\n\t<\/div>\n\t\n\t<div id=\"text-2336540590\" class=\"text\">\n\t\t\n<h6>7 personnes<\/h6>\n\t\t\n<style>\n#text-2336540590 {\n  color: #3b3b3b;\n}\n#text-2336540590 > * {\n  color: #3b3b3b;\n}\n<\/style>\n\t<\/div>\n\t\n\t\t\t<\/div>\n\t\t<\/div>\n\t<\/div>\n\t\n\t\t<\/div>\n\t\t\t\t\t<\/div>\n\n\t\n<\/div>\n\t\t<\/div>\n\n\t\t\n<style>\n#section_878041957 {\n  padding-top: 25%;\n  padding-bottom: 25%;\n}\n@media (min-width:550px) {\n  #section_878041957 {\n    padding-top: 15%;\n    padding-bottom: 15%;\n  }\n}\n@media (min-width:850px) {\n  #section_878041957 {\n    padding-top: 0%;\n    padding-bottom: 0%;\n  }\n}\n<\/style>\n\t<\/section>\n\t\n\t<div id=\"gap-1961821914\" class=\"gap-element clearfix\" style=\"display:block; height:auto;\">\n\t\t\n<style>\n#gap-1961821914 {\n  padding-top: 5%;\n}\n<\/style>\n\t<\/div>\n\t\n","protected":false},"excerpt":{"rendered":"","protected":false},"author":1,"featured_media":0,"parent":0,"menu_order":0,"comment_status":"closed","ping_status":"closed","template":"page-blank.php","meta":{"footnotes":""},"class_list":["post-1814","page","type-page","status-publish","hentry"],"_links":{"self":[{"href":"https:\/\/tirondet.com\/fr\/wp-json\/wp\/v2\/pages\/1814","targetHints":{"allow":["GET"]}}],"collection":[{"href":"https:\/\/tirondet.com\/fr\/wp-json\/wp\/v2\/pages"}],"about":[{"href":"https:\/\/tirondet.com\/fr\/wp-json\/wp\/v2\/types\/page"}],"author":[{"embeddable":true,"href":"https:\/\/tirondet.com\/fr\/wp-json\/wp\/v2\/users\/1"}],"replies":[{"embeddable":true,"href":"https:\/\/tirondet.com\/fr\/wp-json\/wp\/v2\/comments?post=1814"}],"version-history":[{"count":5,"href":"https:\/\/tirondet.com\/fr\/wp-json\/wp\/v2\/pages\/1814\/revisions"}],"predecessor-version":[{"id":1825,"href":"https:\/\/tirondet.com\/fr\/wp-json\/wp\/v2\/pages\/1814\/revisions\/1825"}],"wp:attachment":[{"href":"https:\/\/tirondet.com\/fr\/wp-json\/wp\/v2\/media?parent=1814"}],"curies":[{"name":"wp","href":"https:\/\/api.w.org\/{rel}","templated":true}]}}