{"id":1844,"date":"2024-12-19T11:56:47","date_gmt":"2024-12-19T11:56:47","guid":{"rendered":"https:\/\/tirondet.com\/contact\/"},"modified":"2025-10-31T11:02:53","modified_gmt":"2025-10-31T11:02:53","slug":"contact","status":"publish","type":"page","link":"https:\/\/tirondet.com\/fr\/contact\/","title":{"rendered":"Contact"},"content":{"rendered":"<div class=\"row row-collapse row-full-width\"  id=\"row-2033436770\">\n\n\t<div id=\"col-286997585\" class=\"col small-12 large-12\"  >\n\t\t\t\t<div class=\"col-inner\"  >\n\t\t\t\n\t\t\t\n\n  <div class=\"banner has-hover\" id=\"banner-420964895\">\n          <div class=\"banner-inner fill\">\n        <div class=\"banner-bg fill\" >\n            <img loading=\"lazy\" decoding=\"async\" width=\"2560\" height=\"1536\" src=\"https:\/\/tirondet.com\/wp-content\/uploads\/2024\/12\/Tirondet_021-1-scaled.jpg\" class=\"bg attachment-original size-original\" alt=\"\" \/>                                    \n                    <\/div>\n\t\t\n        <div class=\"banner-layers container\">\n            <div class=\"fill banner-link\"><\/div>            \n   <div id=\"text-box-1217163068\" class=\"text-box banner-layer x50 md-x50 lg-x50 y35 md-y35 lg-y35 res-text\">\n                                <div class=\"text-box-content text dark\">\n              \n              <div class=\"text-inner text-center\">\n                  \n              <\/div>\n           <\/div>\n                            \n<style>\n#text-box-1217163068 {\n  width: 60%;\n}\n#text-box-1217163068 .text-box-content {\n  font-size: 100%;\n}\n<\/style>\n    <\/div>\n \n        <\/div>\n      <\/div>\n\n            \n<style>\n#banner-420964895 {\n  padding-top: 25%;\n}\n<\/style>\n  <\/div>\n\n\n\t\t<\/div>\n\t\t\t\t\t<\/div>\n\n\t\n<\/div>\n<div class=\"row row-large\" style=\"max-width:1400px\" id=\"row-661501208\">\n\n\t<div id=\"col-45471474\" class=\"col medium-6 small-12 large-6\"  >\n\t\t\t\t<div class=\"col-inner\" style=\"background-color:rgb(255, 255, 255);\" >\n\t\t\t\n\t\t\t\n<h2><span style=\"font-size: 120%;\">Contacte-nous :<br \/><\/span><\/h2>\n<p>Tu as des questions ou tu veux en savoir plus sur notre domaine ou r\u00e9server un s\u00e9jour ? N\u2019h\u00e9site pas \u00e0 nous contacter ! Nous r\u00e9pondons (presque) toujours sous 24 h et serons ravis de t\u2019aider \u00e0 organiser tes vacances dans les moindres d\u00e9tails.  <\/p>\n<\/p>\n<p>Guido &amp; Priscilla de Visser<\/p>\n<\/p>\n<p><strong>Ch\u00e2teau du Tirondet<\/strong><\/p>\n<p>Le Tirondet<\/p>\n<p>23110 SANNAT<\/p>\n<p>France<\/p>\n<\/p>\n<p>Tel: +33 (0)5 19 95 00 37<\/p>\n<p>mail: <a href=\"mailto:info@tirondet.com\">info@tirondet.com<\/a><\/p>\n<\/p>\n\t\t<\/div>\n\t\t\t\t\n<style>\n#col-45471474 > .col-inner {\n  padding: 50px 20px 0px 20px;\n  margin: -0 0px 0px 0px;\n  border-radius: 5px;\n}\n@media (min-width:550px) {\n  #col-45471474 > .col-inner {\n    padding: 50px 20px 30px 20px;\n    margin: 0 0px 0px 0px;\n  }\n}\n@media (min-width:850px) {\n  #col-45471474 > .col-inner {\n    padding: 3% 0px 0px 0px;\n  }\n}\n<\/style>\n\t<\/div>\n\n\t\n<\/div>\n\t<div id=\"gap-220476735\" class=\"gap-element clearfix\" style=\"display:block; height:auto;\">\n\t\t\n<style>\n#gap-220476735 {\n  padding-top: 5%;\n}\n<\/style>\n\t<\/div>\n\t\n","protected":false},"excerpt":{"rendered":"","protected":false},"author":1,"featured_media":0,"parent":0,"menu_order":0,"comment_status":"closed","ping_status":"closed","template":"page-blank.php","meta":{"footnotes":""},"class_list":["post-1844","page","type-page","status-publish","hentry"],"_links":{"self":[{"href":"https:\/\/tirondet.com\/fr\/wp-json\/wp\/v2\/pages\/1844","targetHints":{"allow":["GET"]}}],"collection":[{"href":"https:\/\/tirondet.com\/fr\/wp-json\/wp\/v2\/pages"}],"about":[{"href":"https:\/\/tirondet.com\/fr\/wp-json\/wp\/v2\/types\/page"}],"author":[{"embeddable":true,"href":"https:\/\/tirondet.com\/fr\/wp-json\/wp\/v2\/users\/1"}],"replies":[{"embeddable":true,"href":"https:\/\/tirondet.com\/fr\/wp-json\/wp\/v2\/comments?post=1844"}],"version-history":[{"count":7,"href":"https:\/\/tirondet.com\/fr\/wp-json\/wp\/v2\/pages\/1844\/revisions"}],"predecessor-version":[{"id":1887,"href":"https:\/\/tirondet.com\/fr\/wp-json\/wp\/v2\/pages\/1844\/revisions\/1887"}],"wp:attachment":[{"href":"https:\/\/tirondet.com\/fr\/wp-json\/wp\/v2\/media?parent=1844"}],"curies":[{"name":"wp","href":"https:\/\/api.w.org\/{rel}","templated":true}]}}