{"id":1848,"date":"2024-12-21T19:02:05","date_gmt":"2024-12-21T19:02:05","guid":{"rendered":"https:\/\/tirondet.com\/table-dhote\/"},"modified":"2025-10-31T09:54:45","modified_gmt":"2025-10-31T09:54:45","slug":"table-dhote","status":"publish","type":"page","link":"https:\/\/tirondet.com\/fr\/culinair\/table-dhote\/","title":{"rendered":"Table d&rsquo;h\u00f4te"},"content":{"rendered":"\n  <div class=\"banner has-hover has-parallax\" id=\"banner-672377264\">\n          <div class=\"banner-inner fill\">\n        <div class=\"banner-bg fill\" data-parallax=\"-4\" data-parallax-container=\".banner\" data-parallax-background>\n            <img loading=\"lazy\" decoding=\"async\" width=\"1500\" height=\"1125\" src=\"https:\/\/tirondet.com\/wp-content\/uploads\/2024\/12\/IMG_4982.jpg\" class=\"bg attachment-original size-original\" alt=\"\" \/>                        <div class=\"overlay\"><\/div>            \n                    <\/div>\n\t\t\n        <div class=\"banner-layers container\">\n            <div class=\"fill banner-link\"><\/div>            \n   <div id=\"text-box-1375134134\" class=\"text-box banner-layer x50 md-x50 lg-x50 y50 md-y50 lg-y50 res-text\">\n                                <div class=\"text-box-content text dark\">\n              \n              <div class=\"text-inner text-center\">\n                  \n              <\/div>\n           <\/div>\n                            \n<style>\n#text-box-1375134134 {\n  width: 100%;\n}\n#text-box-1375134134 .text-box-content {\n  font-size: 100%;\n}\n<\/style>\n    <\/div>\n \n        <\/div>\n      <\/div>\n\n            \n<style>\n#banner-672377264 {\n  padding-top: 175%;\n}\n#banner-672377264 .overlay {\n  background-color: rgba(0, 0, 0, 0.221);\n}\n#banner-672377264 .banner-bg img {\n  object-position: 50% 75%;\n}\n@media (min-width:550px) {\n  #banner-672377264 {\n    padding-top: 25%;\n  }\n}\n<\/style>\n  <\/div>\n\n\n\n\t<section class=\"section\" id=\"section_218590667\">\n\t\t<div class=\"section-bg fill\" >\n\t\t\t\t\t\t\t\t\t<div class=\"section-bg-overlay absolute fill\"><\/div>\n\t\t\t\n\n\t\t<\/div>\n\n\t\t\n\n\t\t<div class=\"section-content relative\">\n\t\t\t\n<div class=\"row align-center\"  id=\"row-1123593790\">\n\n\t<div id=\"col-720981699\" class=\"col medium-9 small-12 large-9\"  data-animate=\"fadeInUp\">\n\t\t\t\t<div class=\"col-inner text-left\"  >\n\t\t\t\n\t\t\t\n<h1>Moments savoureux et belles conversations \u00e0 notre Table d\u2019h\u00f4te.<\/h1>\n<p>Nous croyons que partager un repas est la plus belle fa\u00e7on de vraiment se rencontrer. Autour de nos grandes tables naissent les meilleures conversations : on \u00e9change des histoires, on rit, on apprend \u00e0 se conna\u00eetre dans une ambiance simple et naturelle. Chaque repas devient ainsi un moment de plaisir, de partage et de convivialit\u00e9.  <\/p>\n<p>Nous faisons tout pour cr\u00e9er une atmosph\u00e8re chaleureuse et accueillante o\u00f9 chacun se sent libre d\u2019\u00eatre soi-m\u00eame. Pour les enfants, nous proposons certains jours des repas qui leur sont sp\u00e9cialement d\u00e9di\u00e9s. Pendant qu\u2019ils jouent ensuite ou regardent un film tranquillement, les parents peuvent savourer leur d\u00eener en toute s\u00e9r\u00e9nit\u00e9.  <\/p>\n<p>Installe-toi \u00e0 notre table pour d\u00e9guster des plats frais et faits maison, pr\u00e9par\u00e9s avec amour et des produits locaux. Qu\u2019il s\u2019agisse d\u2019une soir\u00e9e pizza croustillante, d\u2019un barbecue savoureux ou d\u2019un petit-d\u00e9jeuner d\u00e9tendu, tout tourne autour du plaisir \u2014 celui du go\u00fbt, des \u00e9changes et de la douceur de vivre. <\/p>\n\t\t<\/div>\n\t\t\t\t\t<\/div>\n\n\t\n<\/div>\n\t\t<\/div>\n\n\t\t\n<style>\n#section_218590667 {\n  padding-top: 25%;\n  padding-bottom: 25%;\n}\n#section_218590667 .section-bg-overlay {\n  background-color: rgba(255, 255, 255, 0.965);\n}\n@media (min-width:550px) {\n  #section_218590667 {\n    padding-top: 50px;\n    padding-bottom: 50px;\n  }\n}\n<\/style>\n\t<\/section>\n\t\n\n\t<section class=\"section\" id=\"section_1345753724\">\n\t\t<div class=\"section-bg fill\" >\n\t\t\t\t\t\t\t\t\t\n\t\t\t\n\n\t\t<\/div>\n\n\t\t\n\n\t\t<div class=\"section-content relative\">\n\t\t\t\n<div class=\"row row-collapse row-full-width\"  id=\"row-415409658\">\n\n\t<div id=\"col-1151931487\" class=\"col medium-6 small-12 large-6\"  >\n\t\t\t\t<div class=\"col-inner\" style=\"background-color:rgb(0,0,0);\" >\n\t\t\t\n\t\t\t\n\n  <div class=\"banner has-hover has-parallax\" id=\"banner-1982866943\">\n          <div class=\"banner-inner fill\">\n        <div class=\"banner-bg fill\" data-parallax=\"-1\" data-parallax-container=\".banner\" data-parallax-background>\n            <img loading=\"lazy\" decoding=\"async\" width=\"1500\" height=\"1125\" src=\"https:\/\/tirondet.com\/wp-content\/uploads\/2024\/12\/IMG_2123.jpg\" class=\"bg attachment-original size-original\" alt=\"\" \/>                                    \n                    <\/div>\n\t\t\n        <div class=\"banner-layers container\">\n            <div class=\"fill banner-link\"><\/div>            \n   <div id=\"text-box-2007132373\" class=\"text-box banner-layer x50 md-x50 lg-x50 y50 md-y50 lg-y50 res-text\">\n                                <div class=\"text-box-content text dark\">\n              \n              <div class=\"text-inner text-center\">\n                  \n              <\/div>\n           <\/div>\n                            \n<style>\n#text-box-2007132373 {\n  width: 60%;\n}\n#text-box-2007132373 .text-box-content {\n  font-size: 100%;\n}\n@media (min-width:550px) {\n  #text-box-2007132373 {\n    width: 60%;\n  }\n}\n<\/style>\n    <\/div>\n \n        <\/div>\n      <\/div>\n\n            \n<style>\n#banner-1982866943 {\n  padding-top: 99.99%;\n}\n#banner-1982866943 .banner-bg img {\n  object-position: 0% 43%;\n}\n@media (min-width:550px) {\n  #banner-1982866943 {\n    padding-top: 75%;\n  }\n}\n<\/style>\n  <\/div>\n\n\n\t\t<\/div>\n\t\t\t\t\t<\/div>\n\n\t\n\n\t<div id=\"col-1424162949\" class=\"col medium-6 small-12 large-6\"  >\n\t\t\t\t<div class=\"col-inner\"  >\n\t\t\t\n\t\t\t\n<div class=\"row row-collapse align-center\"  id=\"row-1392114336\">\n\n\t<div id=\"col-1265907552\" class=\"col medium-9 small-10 large-9\"  >\n\t\t\t\t<div class=\"col-inner\"  >\n\t\t\t\n\t\t\t\n<h1>Go\u00fbte aux saveurs de la Creuse<\/h1>\n<p>Ici, tout tourne autour de l\u2019authenticit\u00e9 et du local. Nos plats sont pr\u00e9par\u00e9s autant que possible avec les produits de notre propre domaine ou provenant de petits producteurs de la r\u00e9gion. Les menus suivent le rythme des saisons et mettent \u00e0 l\u2019honneur des ingr\u00e9dients frais, directement issus de la terre.  <\/p>\n<p>Cette fa\u00e7on de cuisiner ne donne pas seulement des saveurs authentiques et d\u00e9licieuses \u2014 c\u2019est aussi un choix r\u00e9fl\u00e9chi. En travaillant main dans la main avec les producteurs locaux et en cuisinant selon ce que la nature nous offre, nous contribuons \u00e0 faire vivre notre terroir et \u00e0 le respecter. <\/p>\n\t\t<\/div>\n\t\t\t\t\n<style>\n#col-1265907552 > .col-inner {\n  padding: 50px 0px 50px 0px;\n}\n<\/style>\n\t<\/div>\n\n\t\n\n<style>\n#row-1392114336 > .col > .col-inner {\n  padding: 40px 0px 20px 0px;\n}\n@media (min-width:550px) {\n  #row-1392114336 > .col > .col-inner {\n    padding: 5% 0px 0px 0px;\n  }\n}\n<\/style>\n<\/div>\n\t\t<\/div>\n\t\t\t\t\t<\/div>\n\n\t\n<\/div>\n\t\t<\/div>\n\n\t\t\n<style>\n#section_1345753724 {\n  padding-top: 0px;\n  padding-bottom: 0px;\n}\n<\/style>\n\t<\/section>\n\t\n\n\t<section class=\"section\" id=\"section_1416184198\">\n\t\t<div class=\"section-bg fill\" >\n\t\t\t\t\t\t\t\t\t\n\t\t\t\n\n\t\t<\/div>\n\n\t\t\n\n\t\t<div class=\"section-content relative\">\n\t\t\t\n<div class=\"row row-collapse row-full-width\"  id=\"row-202947741\">\n\n\t<div id=\"col-1809509678\" class=\"col medium-6 small-12 large-6\"  >\n\t\t\t\t<div class=\"col-inner\"  >\n\t\t\t\n\t\t\t\n<div class=\"row row-collapse align-center\"  id=\"row-1020036255\">\n\n\t<div id=\"col-440650076\" class=\"col medium-9 small-10 large-9\"  >\n\t\t\t\t<div class=\"col-inner\"  >\n\t\t\t\n\t\t\t\n\t<div id=\"text-3204055508\" class=\"text\">\n\t\t\n<h1>D\u00eener gastronomique<\/h1>\n<p>Une soir\u00e9e \u00e0 notre table plac\u00e9e sous le signe de la convivialit\u00e9 et du go\u00fbt. On commence en douceur avec une coupe de bulles, en profitant des derniers rayons du soleil et de l\u2019ambiance d\u00e9tendue qui r\u00e8gne autour. Puis vient un d\u00eener en quatre services, soigneusement \u00e9labor\u00e9 \u00e0 partir des meilleurs produits locaux. Rien n\u2019est press\u00e9, tout est permis : prends le temps de savourer, de discuter et de prolonger la soir\u00e9e en toute tranquillit\u00e9. Une d\u00e9licieuse alliance entre bonne cuisine, convivialit\u00e9 et art de vivre.    <\/p>\n\t\t\n<style>\n#text-3204055508 {\n  text-align: right;\n}\n<\/style>\n\t<\/div>\n\t\n\t\t<\/div>\n\t\t\t\t\n<style>\n#col-440650076 > .col-inner {\n  padding: 50px 0px 50px 0px;\n}\n<\/style>\n\t<\/div>\n\n\t\n\n<style>\n#row-1020036255 > .col > .col-inner {\n  padding: 40px 0px 20px 0px;\n}\n@media (min-width:550px) {\n  #row-1020036255 > .col > .col-inner {\n    padding: 5% 0px 0px 0px;\n  }\n}\n<\/style>\n<\/div>\n\t\t<\/div>\n\t\t\t\t\t<\/div>\n\n\t\n\n\t<div id=\"col-719894229\" class=\"col medium-6 small-12 large-6 small-col-first\"  >\n\t\t\t\t<div class=\"col-inner\" style=\"background-color:rgb(0,0,0);\" >\n\t\t\t\n\t\t\t\n<div class=\"slider-wrapper relative\" id=\"slider-975307292\" >\n    <div class=\"slider slider-type-fade slider-nav-dots-dashes-spaced slider-nav-simple slider-nav-large slider-nav-dark slider-style-normal\"\n        data-flickity-options='{\n            \"cellAlign\": \"center\",\n            \"imagesLoaded\": true,\n            \"lazyLoad\": 1,\n            \"freeScroll\": false,\n            \"wrapAround\": true,\n            \"autoPlay\": 6000,\n            \"pauseAutoPlayOnHover\" : true,\n            \"prevNextButtons\": true,\n            \"contain\" : true,\n            \"adaptiveHeight\" : true,\n            \"dragThreshold\" : 10,\n            \"percentPosition\": true,\n            \"pageDots\": false,\n            \"rightToLeft\": false,\n            \"draggable\": true,\n            \"selectedAttraction\": 0.1,\n            \"parallax\" : 0,\n            \"friction\": 0.6        }'\n        >\n        \n\n  <div class=\"banner has-hover has-parallax\" id=\"banner-221356046\">\n          <div class=\"banner-inner fill\">\n        <div class=\"banner-bg fill\" data-parallax=\"-1\" data-parallax-container=\".banner\" data-parallax-background>\n            <img loading=\"lazy\" decoding=\"async\" width=\"1500\" height=\"1125\" src=\"https:\/\/tirondet.com\/wp-content\/uploads\/2024\/12\/IMG_4737.jpg\" class=\"bg attachment-original size-original\" alt=\"\" \/>                                    \n                    <\/div>\n\t\t\n        <div class=\"banner-layers container\">\n            <div class=\"fill banner-link\"><\/div>            \n   <div id=\"text-box-485066385\" class=\"text-box banner-layer x50 md-x50 lg-x50 y50 md-y50 lg-y50 res-text\">\n                                <div class=\"text-box-content text dark\">\n              \n              <div class=\"text-inner text-center\">\n                  \n              <\/div>\n           <\/div>\n                            \n<style>\n#text-box-485066385 {\n  width: 60%;\n}\n#text-box-485066385 .text-box-content {\n  font-size: 100%;\n}\n@media (min-width:550px) {\n  #text-box-485066385 {\n    width: 60%;\n  }\n}\n<\/style>\n    <\/div>\n \n        <\/div>\n      <\/div>\n\n            \n<style>\n#banner-221356046 {\n  padding-top: 300px;\n}\n#banner-221356046 .banner-bg img {\n  object-position: 100% 36%;\n}\n@media (min-width:550px) {\n  #banner-221356046 {\n    padding-top: 75%;\n  }\n}\n<\/style>\n  <\/div>\n\n\n     <\/div>\n\n     <div class=\"loading-spin dark large centered\"><\/div>\n\n\t<\/div>\n\n\n\t\t<\/div>\n\t\t\t\t\t<\/div>\n\n\t\n<\/div>\n\t\t<\/div>\n\n\t\t\n<style>\n#section_1416184198 {\n  padding-top: 25%;\n  padding-bottom: 25%;\n}\n@media (min-width:550px) {\n  #section_1416184198 {\n    padding-top: 0px;\n    padding-bottom: 0px;\n  }\n}\n<\/style>\n\t<\/section>\n\t\n\n\t<section class=\"section\" id=\"section_536995474\">\n\t\t<div class=\"section-bg fill\" >\n\t\t\t\t\t\t\t\t\t\n\t\t\t\n\n\t\t<\/div>\n\n\t\t\n\n\t\t<div class=\"section-content relative\">\n\t\t\t\n<div class=\"row align-center\"  id=\"row-875988569\">\n\n\t<div id=\"col-873269234\" class=\"col medium-9 small-12 large-9\"  data-animate=\"fadeInUp\">\n\t\t\t\t<div class=\"col-inner text-left\"  >\n\t\t\t\n\t\t\t\n<h2 style=\"text-align: center;\">\u00ab\u00a0Frais, fait maison et toujours pr\u00e9par\u00e9 avec amour \u2014 chez nous, tu viens partager bien plus qu\u2019un simple repas.\u00a0\u00bb<\/h2>\n\t\t<\/div>\n\t\t\t\t\t<\/div>\n\n\t\n<\/div>\n\t\t<\/div>\n\n\t\t\n<style>\n#section_536995474 {\n  padding-top: 25%;\n  padding-bottom: 25%;\n}\n@media (min-width:550px) {\n  #section_536995474 {\n    padding-top: 3%;\n    padding-bottom: 3%;\n  }\n}\n<\/style>\n\t<\/section>\n\t\n\n\t<section class=\"section\" id=\"section_233301130\">\n\t\t<div class=\"section-bg fill\" >\n\t\t\t\t\t\t\t\t\t\n\t\t\t\n\n\t\t<\/div>\n\n\t\t\n\n\t\t<div class=\"section-content relative\">\n\t\t\t\n<div class=\"row row-collapse row-full-width\"  id=\"row-319727610\">\n\n\t<div id=\"col-294720513\" class=\"col medium-6 small-12 large-6\"  >\n\t\t\t\t<div class=\"col-inner\" style=\"background-color:rgb(0,0,0);\" >\n\t\t\t\n\t\t\t\n\n  <div class=\"banner has-hover has-parallax\" id=\"banner-2067041883\">\n          <div class=\"banner-inner fill\">\n        <div class=\"banner-bg fill\" data-parallax=\"-1\" data-parallax-container=\".banner\" data-parallax-background>\n            <img loading=\"lazy\" decoding=\"async\" width=\"1500\" height=\"1124\" src=\"https:\/\/tirondet.com\/wp-content\/uploads\/2024\/12\/IMG_9671.jpg\" class=\"bg attachment-original size-original\" alt=\"\" \/>                                    \n                    <\/div>\n\t\t\n        <div class=\"banner-layers container\">\n            <div class=\"fill banner-link\"><\/div>            \n   <div id=\"text-box-983368129\" class=\"text-box banner-layer x50 md-x50 lg-x50 y50 md-y50 lg-y50 res-text\">\n                                <div class=\"text-box-content text dark\">\n              \n              <div class=\"text-inner text-center\">\n                  \n              <\/div>\n           <\/div>\n                            \n<style>\n#text-box-983368129 {\n  width: 60%;\n}\n#text-box-983368129 .text-box-content {\n  font-size: 100%;\n}\n@media (min-width:550px) {\n  #text-box-983368129 {\n    width: 60%;\n  }\n}\n<\/style>\n    <\/div>\n \n        <\/div>\n      <\/div>\n\n            \n<style>\n#banner-2067041883 {\n  padding-top: 99.99%;\n}\n#banner-2067041883 .banner-bg img {\n  object-position: 100% 43%;\n}\n@media (min-width:550px) {\n  #banner-2067041883 {\n    padding-top: 75%;\n  }\n}\n<\/style>\n  <\/div>\n\n\n\t\t<\/div>\n\t\t\t\t\t<\/div>\n\n\t\n\n\t<div id=\"col-1344935690\" class=\"col medium-6 small-12 large-6\"  >\n\t\t\t\t<div class=\"col-inner\"  >\n\t\t\t\n\t\t\t\n<div class=\"row row-collapse align-center\"  id=\"row-1435341303\">\n\n\t<div id=\"col-61833919\" class=\"col medium-9 small-10 large-9\"  >\n\t\t\t\t<div class=\"col-inner\"  >\n\t\t\t\n\t\t\t\n<h1>Soir\u00e9e barbecue remplie de surprises<\/h1>\n<p>Chaque soir\u00e9e barbecue est unique et apporte son lot de nouveaut\u00e9s. Parfois, nous cuisinons sur le kamado, d\u2019autres fois directement sur le feu ou dans le fumoir. Ce qui ne change jamais, ce sont les associations de saveurs originales, les ingr\u00e9dients frais et les petites cr\u00e9ations culinaires qui surprennent toujours nos convives.  <\/p>\n<p>En plus des savoureuses viandes, des d\u00e9licieux poissons et des options v\u00e9g\u00e9tariennes cr\u00e9atives, tu peux composer ton assiette \u00e0 partir d\u2019un grand buffet de salades fra\u00eeches et maison, de tartinades et de sauces. Et bien s\u00fbr, la soir\u00e9e se termine en beaut\u00e9 avec un dessert\u2026 tout droit sorti du barbecue. <\/p>\n\t\t<\/div>\n\t\t\t\t\n<style>\n#col-61833919 > .col-inner {\n  padding: 50px 0px 50px 0px;\n}\n<\/style>\n\t<\/div>\n\n\t\n\n<style>\n#row-1435341303 > .col > .col-inner {\n  padding: 40px 0px 20px 0px;\n}\n@media (min-width:550px) {\n  #row-1435341303 > .col > .col-inner {\n    padding: 5% 0px 0px 0px;\n  }\n}\n<\/style>\n<\/div>\n\t\t<\/div>\n\t\t\t\t\t<\/div>\n\n\t\n<\/div>\n\t\t<\/div>\n\n\t\t\n<style>\n#section_233301130 {\n  padding-top: 0px;\n  padding-bottom: 0px;\n}\n<\/style>\n\t<\/section>\n\t\n\n\t<section class=\"section\" id=\"section_1018840583\">\n\t\t<div class=\"section-bg fill\" >\n\t\t\t\t\t\t\t\t\t\n\t\t\t\n\n\t\t<\/div>\n\n\t\t\n\n\t\t<div class=\"section-content relative\">\n\t\t\t\n<div class=\"row row-collapse row-full-width\"  id=\"row-1746500134\">\n\n\t<div id=\"col-349699001\" class=\"col medium-6 small-12 large-6\"  >\n\t\t\t\t<div class=\"col-inner\"  >\n\t\t\t\n\t\t\t\n<div class=\"row row-collapse align-center\"  id=\"row-1301076402\">\n\n\t<div id=\"col-598765383\" class=\"col medium-9 small-10 large-9\"  >\n\t\t\t\t<div class=\"col-inner\"  >\n\t\t\t\n\t\t\t\n\t<div id=\"text-3977819208\" class=\"text\">\n\t\t\n<h1>Pizzas maison cuites dans notre four \u00e0 pain ancien<\/h1>\n<p>Nos pizzas sont pr\u00e9par\u00e9es dans un four \u00e0 pain vieux de plus de 150 ans. La combinaison de ce four authentique, chauff\u00e9 au bois, et de la farine du moulin local donne des pizzas au go\u00fbt incomparable. Et le meilleur ? Chacun peut composer sa propre pizza !   <\/p>\n<p>Les ingr\u00e9dients sont frais, coup\u00e9s le jour m\u00eame et dispos\u00e9s pour laisser libre cours \u00e0 ta cr\u00e9ativit\u00e9. Chacun garnit sa pizza \u00e0 son go\u00fbt, avant qu\u2019elle ne soit enfourn\u00e9e. Pour les plus petits amateurs de pizza, nous commen\u00e7ons un peu plus t\u00f4t afin qu\u2019ils puissent eux aussi profiter pleinement de cette soir\u00e9e gourmande.  <\/p>\n<p>Une exp\u00e9rience conviviale et savoureuse, appr\u00e9ci\u00e9e des petits comme des grands !<br \/>\n\t\t\n<style>\n#text-3977819208 {\n  text-align: right;\n}\n<\/style>\n\t<\/div>\n\t\n\t\t<\/div>\n\t\t\t\t\n<style>\n#col-598765383 > .col-inner {\n  padding: 50px 0px 50px 0px;\n}\n<\/style>\n\t<\/div>\n\n\t\n\n<style>\n#row-1301076402 > .col > .col-inner {\n  padding: 40px 0px 20px 0px;\n}\n@media (min-width:550px) {\n  #row-1301076402 > .col > .col-inner {\n    padding: 5% 0px 0px 0px;\n  }\n}\n<\/style>\n<\/div>\n\t\t<\/div>\n\t\t\t\t\t<\/div>\n\n\t\n\n\t<div id=\"col-2041131367\" class=\"col medium-6 small-12 large-6 small-col-first\"  >\n\t\t\t\t<div class=\"col-inner\" style=\"background-color:rgb(0,0,0);\" >\n\t\t\t\n\t\t\t\n<div class=\"slider-wrapper relative\" id=\"slider-1329284197\" >\n    <div class=\"slider slider-type-fade slider-nav-dots-dashes-spaced slider-nav-simple slider-nav-large slider-nav-dark slider-style-normal\"\n        data-flickity-options='{\n            \"cellAlign\": \"center\",\n            \"imagesLoaded\": true,\n            \"lazyLoad\": 1,\n            \"freeScroll\": false,\n            \"wrapAround\": true,\n            \"autoPlay\": 6000,\n            \"pauseAutoPlayOnHover\" : true,\n            \"prevNextButtons\": true,\n            \"contain\" : true,\n            \"adaptiveHeight\" : true,\n            \"dragThreshold\" : 10,\n            \"percentPosition\": true,\n            \"pageDots\": false,\n            \"rightToLeft\": false,\n            \"draggable\": true,\n            \"selectedAttraction\": 0.1,\n            \"parallax\" : 0,\n            \"friction\": 0.6        }'\n        >\n        \n\n  <div class=\"banner has-hover has-parallax\" id=\"banner-470077431\">\n          <div class=\"banner-inner fill\">\n        <div class=\"banner-bg fill\" data-parallax=\"-1\" data-parallax-container=\".banner\" data-parallax-background>\n            <img loading=\"lazy\" decoding=\"async\" width=\"1500\" height=\"2000\" src=\"https:\/\/tirondet.com\/wp-content\/uploads\/2024\/12\/IMG_2099.jpg\" class=\"bg attachment-original size-original\" alt=\"\" \/>                                    \n                    <\/div>\n\t\t\n        <div class=\"banner-layers container\">\n            <div class=\"fill banner-link\"><\/div>            \n   <div id=\"text-box-238113644\" class=\"text-box banner-layer x50 md-x50 lg-x50 y50 md-y50 lg-y50 res-text\">\n                                <div class=\"text-box-content text dark\">\n              \n              <div class=\"text-inner text-center\">\n                  \n              <\/div>\n           <\/div>\n                            \n<style>\n#text-box-238113644 {\n  width: 60%;\n}\n#text-box-238113644 .text-box-content {\n  font-size: 100%;\n}\n@media (min-width:550px) {\n  #text-box-238113644 {\n    width: 60%;\n  }\n}\n<\/style>\n    <\/div>\n \n        <\/div>\n      <\/div>\n\n            \n<style>\n#banner-470077431 {\n  padding-top: 300px;\n}\n#banner-470077431 .banner-bg img {\n  object-position: 100% 36%;\n}\n@media (min-width:550px) {\n  #banner-470077431 {\n    padding-top: 75%;\n  }\n}\n<\/style>\n  <\/div>\n\n\n     <\/div>\n\n     <div class=\"loading-spin dark large centered\"><\/div>\n\n\t<\/div>\n\n\n\t\t<\/div>\n\t\t\t\t\t<\/div>\n\n\t\n<\/div>\n\t\t<\/div>\n\n\t\t\n<style>\n#section_1018840583 {\n  padding-top: 25%;\n  padding-bottom: 25%;\n}\n@media (min-width:550px) {\n  #section_1018840583 {\n    padding-top: 0px;\n    padding-bottom: 0px;\n  }\n}\n<\/style>\n\t<\/section>\n\t\n\n\t<section class=\"section\" id=\"section_766892380\">\n\t\t<div class=\"section-bg fill\" >\n\t\t\t\t\t\t\t\t\t\n\t\t\t\n\n\t\t<\/div>\n\n\t\t\n\n\t\t<div class=\"section-content relative\">\n\t\t\t\n<div class=\"row row-collapse row-full-width\"  id=\"row-1201532207\">\n\n\t<div id=\"col-1479662276\" class=\"col medium-6 small-12 large-6\"  >\n\t\t\t\t<div class=\"col-inner\" style=\"background-color:rgb(0,0,0);\" >\n\t\t\t\n\t\t\t\n\n  <div class=\"banner has-hover has-parallax\" id=\"banner-291685547\">\n          <div class=\"banner-inner fill\">\n        <div class=\"banner-bg fill\" data-parallax=\"-1\" data-parallax-container=\".banner\" data-parallax-background>\n            <img loading=\"lazy\" decoding=\"async\" width=\"872\" height=\"641\" src=\"https:\/\/tirondet.com\/wp-content\/uploads\/2025\/09\/happas.jpg\" class=\"bg attachment-original size-original\" alt=\"\" \/>                                    \n                    <\/div>\n\t\t\n        <div class=\"banner-layers container\">\n            <div class=\"fill banner-link\"><\/div>            \n   <div id=\"text-box-2127563786\" class=\"text-box banner-layer x50 md-x50 lg-x50 y50 md-y50 lg-y50 res-text\">\n                                <div class=\"text-box-content text dark\">\n              \n              <div class=\"text-inner text-center\">\n                  \n              <\/div>\n           <\/div>\n                            \n<style>\n#text-box-2127563786 {\n  width: 60%;\n}\n#text-box-2127563786 .text-box-content {\n  font-size: 100%;\n}\n@media (min-width:550px) {\n  #text-box-2127563786 {\n    width: 60%;\n  }\n}\n<\/style>\n    <\/div>\n \n        <\/div>\n      <\/div>\n\n            \n<style>\n#banner-291685547 {\n  padding-top: 99.99%;\n}\n#banner-291685547 .banner-bg img {\n  object-position: 100% 60%;\n}\n@media (min-width:550px) {\n  #banner-291685547 {\n    padding-top: 75%;\n  }\n}\n<\/style>\n  <\/div>\n\n\n\t\t<\/div>\n\t\t\t\t\t<\/div>\n\n\t\n\n\t<div id=\"col-1859969041\" class=\"col medium-6 small-12 large-6\"  >\n\t\t\t\t<div class=\"col-inner\"  >\n\t\t\t\n\t\t\t\n<div class=\"row row-collapse align-center\"  id=\"row-1279744742\">\n\n\t<div id=\"col-383321991\" class=\"col medium-9 small-10 large-9\"  >\n\t\t\t\t<div class=\"col-inner\"  >\n\t\t\t\n\t\t\t\n<h1>Une arriv\u00e9e tout en douceur<\/h1>\n<p>Le samedi soir, de juin \u00e0 septembre et pendant nos semaines sp\u00e9ciales, nous servons un d\u00e9licieux repas pour commencer les vacances en toute s\u00e9r\u00e9nit\u00e9. Cette soir\u00e9e d\u2019accueil est propos\u00e9e lors des semaines Mini &amp; Me-Time, des Semaines du Silence et pendant l\u2019\u00e9t\u00e9. Au menu : une soupe maison, des petits pains et d\u2019autres savoureuses bouch\u00e9es. <\/p>\n<p>Le feu cr\u00e9pite, les enfants jouent tranquillement, et toi, tu profites d\u2019un bon verre en faisant connaissance avec les autres h\u00f4tes. Une fa\u00e7on d\u00e9tendue et chaleureuse de d\u00e9buter ton s\u00e9jour sur notre domaine ! <\/p>\n\t\t<\/div>\n\t\t\t\t\n<style>\n#col-383321991 > .col-inner {\n  padding: 50px 0px 50px 0px;\n}\n<\/style>\n\t<\/div>\n\n\t\n\n<style>\n#row-1279744742 > .col > .col-inner {\n  padding: 40px 0px 20px 0px;\n}\n@media (min-width:550px) {\n  #row-1279744742 > .col > .col-inner {\n    padding: 5% 0px 0px 0px;\n  }\n}\n<\/style>\n<\/div>\n\t\t<\/div>\n\t\t\t\t\t<\/div>\n\n\t\n<\/div>\n\t\t<\/div>\n\n\t\t\n<style>\n#section_766892380 {\n  padding-top: 0px;\n  padding-bottom: 0px;\n}\n<\/style>\n\t<\/section>\n\t\n","protected":false},"excerpt":{"rendered":"","protected":false},"author":2,"featured_media":0,"parent":1852,"menu_order":0,"comment_status":"closed","ping_status":"closed","template":"page-blank.php","meta":{"footnotes":""},"class_list":["post-1848","page","type-page","status-publish","hentry"],"_links":{"self":[{"href":"https:\/\/tirondet.com\/fr\/wp-json\/wp\/v2\/pages\/1848","targetHints":{"allow":["GET"]}}],"collection":[{"href":"https:\/\/tirondet.com\/fr\/wp-json\/wp\/v2\/pages"}],"about":[{"href":"https:\/\/tirondet.com\/fr\/wp-json\/wp\/v2\/types\/page"}],"author":[{"embeddable":true,"href":"https:\/\/tirondet.com\/fr\/wp-json\/wp\/v2\/users\/2"}],"replies":[{"embeddable":true,"href":"https:\/\/tirondet.com\/fr\/wp-json\/wp\/v2\/comments?post=1848"}],"version-history":[{"count":3,"href":"https:\/\/tirondet.com\/fr\/wp-json\/wp\/v2\/pages\/1848\/revisions"}],"predecessor-version":[{"id":1851,"href":"https:\/\/tirondet.com\/fr\/wp-json\/wp\/v2\/pages\/1848\/revisions\/1851"}],"up":[{"embeddable":true,"href":"https:\/\/tirondet.com\/fr\/wp-json\/wp\/v2\/pages\/1852"}],"wp:attachment":[{"href":"https:\/\/tirondet.com\/fr\/wp-json\/wp\/v2\/media?parent=1848"}],"curies":[{"name":"wp","href":"https:\/\/api.w.org\/{rel}","templated":true}]}}