{"id":1856,"date":"2024-12-21T21:50:08","date_gmt":"2024-12-21T21:50:08","guid":{"rendered":"https:\/\/tirondet.com\/culinair\/petit-dejeuner\/"},"modified":"2025-10-31T10:09:26","modified_gmt":"2025-10-31T10:09:26","slug":"petit-dejeuner","status":"publish","type":"page","link":"https:\/\/tirondet.com\/fr\/culinair\/petit-dejeuner\/","title":{"rendered":"Petit-d\u00e9jeuner"},"content":{"rendered":"\n  <div class=\"banner has-hover has-parallax\" id=\"banner-1398886681\">\n          <div class=\"banner-inner fill\">\n        <div class=\"banner-bg fill\" data-parallax=\"-4\" data-parallax-container=\".banner\" data-parallax-background>\n            <img loading=\"lazy\" decoding=\"async\" width=\"1500\" height=\"1125\" src=\"https:\/\/tirondet.com\/wp-content\/uploads\/2024\/12\/IMG_4141.jpg\" class=\"bg attachment-original size-original\" alt=\"\" \/>                        <div class=\"overlay\"><\/div>            \n                    <\/div>\n\t\t\n        <div class=\"banner-layers container\">\n            <div class=\"fill banner-link\"><\/div>            \n   <div id=\"text-box-788144135\" class=\"text-box banner-layer x50 md-x50 lg-x50 y50 md-y50 lg-y50 res-text\">\n                                <div class=\"text-box-content text dark\">\n              \n              <div class=\"text-inner text-center\">\n                  \n              <\/div>\n           <\/div>\n                            \n<style>\n#text-box-788144135 {\n  width: 100%;\n}\n#text-box-788144135 .text-box-content {\n  font-size: 100%;\n}\n<\/style>\n    <\/div>\n \n        <\/div>\n      <\/div>\n\n            \n<style>\n#banner-1398886681 {\n  padding-top: 175%;\n}\n#banner-1398886681 .overlay {\n  background-color: rgba(0, 0, 0, 0.221);\n}\n#banner-1398886681 .banner-bg img {\n  object-position: 50% 100%;\n}\n@media (min-width:550px) {\n  #banner-1398886681 {\n    padding-top: 25%;\n  }\n}\n<\/style>\n  <\/div>\n\n\n\n\t<section class=\"section\" id=\"section_1766088417\">\n\t\t<div class=\"section-bg fill\" >\n\t\t\t\t\t\t\t\t\t<div class=\"section-bg-overlay absolute fill\"><\/div>\n\t\t\t\n\n\t\t<\/div>\n\n\t\t\n\n\t\t<div class=\"section-content relative\">\n\t\t\t\n<div class=\"row align-center\"  id=\"row-961291519\">\n\n\t<div id=\"col-546296834\" class=\"col medium-9 small-12 large-9\"  data-animate=\"fadeInUp\">\n\t\t\t\t<div class=\"col-inner text-left\"  >\n\t\t\t\n\t\t\t\n<h1>Le meilleur d\u00e9part pour ta journ\u00e9e de vacances.<\/h1>\n<p>Pas de vacances en France sans une baguette fra\u00eeche ou un croissant chaud !<br \/>Au Ch\u00e2teau du Tirondet, nous allons chaque jour chercher le pain frais chez le boulanger du village et nous proposons les meilleurs croissants.<br \/>Que tu choisisses notre pratique service de pain ou l\u2019une de nos formules petit-d\u00e9jeuner, tout est pr\u00e9par\u00e9 pour toi dans un panier bien garni.<br \/>Ainsi, chaque journ\u00e9e commence en douceur\u2026 et avec gourmandise.   <\/p>\n\t\t<\/div>\n\t\t\t\t\t<\/div>\n\n\t\n<\/div>\n\t\t<\/div>\n\n\t\t\n<style>\n#section_1766088417 {\n  padding-top: 25%;\n  padding-bottom: 25%;\n}\n#section_1766088417 .section-bg-overlay {\n  background-color: rgba(255, 255, 255, 0.965);\n}\n@media (min-width:550px) {\n  #section_1766088417 {\n    padding-top: 50px;\n    padding-bottom: 50px;\n  }\n}\n<\/style>\n\t<\/section>\n\t\n\n\t<section class=\"section\" id=\"section_872637448\">\n\t\t<div class=\"section-bg fill\" >\n\t\t\t\t\t\t\t\t\t\n\t\t\t\n\n\t\t<\/div>\n\n\t\t\n\n\t\t<div class=\"section-content relative\">\n\t\t\t\n<div class=\"row row-collapse row-full-width\"  id=\"row-160229646\">\n\n\t<div id=\"col-895416678\" class=\"col medium-6 small-12 large-6\"  >\n\t\t\t\t<div class=\"col-inner\" style=\"background-color:rgb(0,0,0);\" >\n\t\t\t\n\t\t\t\n\n  <div class=\"banner has-hover has-parallax\" id=\"banner-126793116\">\n          <div class=\"banner-inner fill\">\n        <div class=\"banner-bg fill\" data-parallax=\"-1\" data-parallax-container=\".banner\" data-parallax-background>\n            <img loading=\"lazy\" decoding=\"async\" width=\"1024\" height=\"1024\" src=\"https:\/\/tirondet.com\/wp-content\/uploads\/2024\/12\/DALL\u00b7E-2024-12-21-23.46.19-A-rustic-wooden-table-featuring-five-breakfast-baskets-placed-side-by-side-each-basket-containing-a-unique-mix-of-fresh-baguettes-and-croissants-in-d.webp\" class=\"bg attachment-original size-original\" alt=\"\" \/>                                    \n                    <\/div>\n\t\t\n        <div class=\"banner-layers container\">\n            <div class=\"fill banner-link\"><\/div>            \n   <div id=\"text-box-1395663749\" class=\"text-box banner-layer x50 md-x50 lg-x50 y50 md-y50 lg-y50 res-text\">\n                                <div class=\"text-box-content text dark\">\n              \n              <div class=\"text-inner text-center\">\n                  \n              <\/div>\n           <\/div>\n                            \n<style>\n#text-box-1395663749 {\n  width: 60%;\n}\n#text-box-1395663749 .text-box-content {\n  font-size: 100%;\n}\n@media (min-width:550px) {\n  #text-box-1395663749 {\n    width: 60%;\n  }\n}\n<\/style>\n    <\/div>\n \n        <\/div>\n      <\/div>\n\n            \n<style>\n#banner-126793116 {\n  padding-top: 99.99%;\n}\n#banner-126793116 .banner-bg img {\n  object-position: 0% 43%;\n}\n@media (min-width:550px) {\n  #banner-126793116 {\n    padding-top: 75%;\n  }\n}\n<\/style>\n  <\/div>\n\n\n\t\t<\/div>\n\t\t\t\t\t<\/div>\n\n\t\n\n\t<div id=\"col-237741886\" class=\"col medium-6 small-12 large-6\"  >\n\t\t\t\t<div class=\"col-inner\"  >\n\t\t\t\n\t\t\t\n<div class=\"row row-collapse align-center\"  id=\"row-1434719695\">\n\n\t<div id=\"col-110263869\" class=\"col medium-9 small-10 large-9\"  >\n\t\t\t\t<div class=\"col-inner\"  >\n\t\t\t\n\t\t\t\n<h1>Service du pain<\/h1>\n<p><span style=\"font-size: 14.4px;\">Commence ta matin\u00e9e avec le parfum du pain tout juste sorti du four.<br \/>Gr\u00e2ce \u00e0 notre service de pain, tu peux facilement commander de d\u00e9licieuses baguettes croustillantes, du pain traditionnel ou encore des croissants et pains au chocolat.<br \/>Laisse-nous savoir la veille ce que tu souhaites, et tout sera pr\u00eat pour toi le lendemain matin.   <\/span>tevoren<span style=\"font-size: 14.4px;\"> Nous dire ce dont tu as besoin, et nous nous occupons de tout pour que ta commande t\u2019attende le lendemain matin.<br \/>Une mani\u00e8re simple et d\u00e9licieuse de bien commencer la journ\u00e9e ! <\/span><\/p>\n\t\t<\/div>\n\t\t\t\t\n<style>\n#col-110263869 > .col-inner {\n  padding: 50px 0px 50px 0px;\n}\n<\/style>\n\t<\/div>\n\n\t\n\n<style>\n#row-1434719695 > .col > .col-inner {\n  padding: 40px 0px 20px 0px;\n}\n@media (min-width:550px) {\n  #row-1434719695 > .col > .col-inner {\n    padding: 5% 0px 0px 0px;\n  }\n}\n<\/style>\n<\/div>\n\t\t<\/div>\n\t\t\t\t\t<\/div>\n\n\t\n<\/div>\n\t\t<\/div>\n\n\t\t\n<style>\n#section_872637448 {\n  padding-top: 0px;\n  padding-bottom: 0px;\n}\n<\/style>\n\t<\/section>\n\t\n\n\t<section class=\"section\" id=\"section_1446714970\">\n\t\t<div class=\"section-bg fill\" >\n\t\t\t\t\t\t\t\t\t\n\t\t\t\n\n\t\t<\/div>\n\n\t\t\n\n\t\t<div class=\"section-content relative\">\n\t\t\t\n<div class=\"row row-collapse row-full-width\"  id=\"row-166706562\">\n\n\t<div id=\"col-1285278435\" class=\"col medium-6 small-12 large-6\"  >\n\t\t\t\t<div class=\"col-inner\"  >\n\t\t\t\n\t\t\t\n<div class=\"row row-collapse align-center\"  id=\"row-954720794\">\n\n\t<div id=\"col-846066683\" class=\"col medium-9 small-10 large-9\"  >\n\t\t\t\t<div class=\"col-inner\"  >\n\t\t\t\n\t\t\t\n\t<div id=\"text-1102994887\" class=\"text\">\n\t\t\n<h1>Un petit-d\u00e9jeuner gourmand<\/h1>\n<p>Envie de te faire vraiment plaisir le matin ? Choisis notre petit-d\u00e9jeuner complet. Ce panier bien garni contient du yaourt, des fruits frais, un verre de jus, du muesli, un \u0153uf \u00e0 la coque, une baguette traditionnelle, de la charcuterie, du fromage et, bien s\u00fbr, un croissant.<br \/>Tout ce dont tu as besoin pour commencer ta journ\u00e9e de vacances de fa\u00e7on gourmande et d\u00e9tendue.   <\/p>\n\t\t\n<style>\n#text-1102994887 {\n  text-align: right;\n}\n<\/style>\n\t<\/div>\n\t\n\t\t<\/div>\n\t\t\t\t\n<style>\n#col-846066683 > .col-inner {\n  padding: 50px 0px 50px 0px;\n}\n<\/style>\n\t<\/div>\n\n\t\n\n<style>\n#row-954720794 > .col > .col-inner {\n  padding: 40px 0px 20px 0px;\n}\n@media (min-width:550px) {\n  #row-954720794 > .col > .col-inner {\n    padding: 5% 0px 0px 0px;\n  }\n}\n<\/style>\n<\/div>\n\t\t<\/div>\n\t\t\t\t\t<\/div>\n\n\t\n\n\t<div id=\"col-377993849\" class=\"col medium-6 small-12 large-6 small-col-first\"  >\n\t\t\t\t<div class=\"col-inner\" style=\"background-color:rgb(0,0,0);\" >\n\t\t\t\n\t\t\t\n<div class=\"slider-wrapper relative\" id=\"slider-1416808853\" >\n    <div class=\"slider slider-type-fade slider-nav-dots-dashes-spaced slider-nav-simple slider-nav-large slider-nav-dark slider-style-normal\"\n        data-flickity-options='{\n            \"cellAlign\": \"center\",\n            \"imagesLoaded\": true,\n            \"lazyLoad\": 1,\n            \"freeScroll\": false,\n            \"wrapAround\": true,\n            \"autoPlay\": 6000,\n            \"pauseAutoPlayOnHover\" : true,\n            \"prevNextButtons\": true,\n            \"contain\" : true,\n            \"adaptiveHeight\" : true,\n            \"dragThreshold\" : 10,\n            \"percentPosition\": true,\n            \"pageDots\": false,\n            \"rightToLeft\": false,\n            \"draggable\": true,\n            \"selectedAttraction\": 0.1,\n            \"parallax\" : 0,\n            \"friction\": 0.6        }'\n        >\n        \n\n  <div class=\"banner has-hover has-parallax\" id=\"banner-454665951\">\n          <div class=\"banner-inner fill\">\n        <div class=\"banner-bg fill\" data-parallax=\"-1\" data-parallax-container=\".banner\" data-parallax-background>\n            <img loading=\"lazy\" decoding=\"async\" width=\"1024\" height=\"1024\" src=\"https:\/\/tirondet.com\/wp-content\/uploads\/2024\/12\/DALL\u00b7E-2024-12-21-23.38.40-A-rustic-breakfast-spread-on-a-wooden-table-featuring-a-basket-with-fresh-baguette-and-croissants-alongside-neatly-arranged-slices-of-cheese-cured-.webp\" class=\"bg attachment-original size-original\" alt=\"\" \/>                                    \n                    <\/div>\n\t\t\n        <div class=\"banner-layers container\">\n            <div class=\"fill banner-link\"><\/div>            \n   <div id=\"text-box-313167928\" class=\"text-box banner-layer x50 md-x50 lg-x50 y50 md-y50 lg-y50 res-text\">\n                                <div class=\"text-box-content text dark\">\n              \n              <div class=\"text-inner text-center\">\n                  \n              <\/div>\n           <\/div>\n                            \n<style>\n#text-box-313167928 {\n  width: 60%;\n}\n#text-box-313167928 .text-box-content {\n  font-size: 100%;\n}\n@media (min-width:550px) {\n  #text-box-313167928 {\n    width: 60%;\n  }\n}\n<\/style>\n    <\/div>\n \n        <\/div>\n      <\/div>\n\n            \n<style>\n#banner-454665951 {\n  padding-top: 300px;\n}\n#banner-454665951 .banner-bg img {\n  object-position: 100% 70%;\n}\n@media (min-width:550px) {\n  #banner-454665951 {\n    padding-top: 75%;\n  }\n}\n<\/style>\n  <\/div>\n\n\n     <\/div>\n\n     <div class=\"loading-spin dark large centered\"><\/div>\n\n\t<\/div>\n\n\n\t\t<\/div>\n\t\t\t\t\t<\/div>\n\n\t\n<\/div>\n\t\t<\/div>\n\n\t\t\n<style>\n#section_1446714970 {\n  padding-top: 25%;\n  padding-bottom: 25%;\n}\n@media (min-width:550px) {\n  #section_1446714970 {\n    padding-top: 0px;\n    padding-bottom: 0px;\n  }\n}\n<\/style>\n\t<\/section>\n\t\n\n\t<section class=\"section\" id=\"section_707410685\">\n\t\t<div class=\"section-bg fill\" >\n\t\t\t\t\t\t\t\t\t<div class=\"section-bg-overlay absolute fill\"><\/div>\n\t\t\t\n\n\t\t<\/div>\n\n\t\t\n\n\t\t<div class=\"section-content relative\">\n\t\t\t\n<div class=\"row align-center\"  id=\"row-1428395426\">\n\n\t<div id=\"col-28159542\" class=\"col medium-9 small-12 large-9\"  data-animate=\"fadeInUp\">\n\t\t\t\t<div class=\"col-inner text-left\"  >\n\t\t\t\n\t\t\t\n<h2 style=\"text-align: center;\">\u00ab\u00a0Se r\u00e9veiller en douceur avec un panier petit-d\u00e9jeuner bien garni, c\u2019est \u00e7a, les vraies vacances.\u00a0\u00bb<\/h2>\n\t\t<\/div>\n\t\t\t\t\t<\/div>\n\n\t\n<\/div>\n\t\t<\/div>\n\n\t\t\n<style>\n#section_707410685 {\n  padding-top: 25%;\n  padding-bottom: 25%;\n}\n#section_707410685 .section-bg-overlay {\n  background-color: rgba(255, 255, 255, 0.965);\n}\n@media (min-width:550px) {\n  #section_707410685 {\n    padding-top: 3%;\n    padding-bottom: 3%;\n  }\n}\n<\/style>\n\t<\/section>\n\t\n\n\t<section class=\"section\" id=\"section_555102879\">\n\t\t<div class=\"section-bg fill\" >\n\t\t\t\t\t\t\t\t\t\n\t\t\t\n\n\t\t<\/div>\n\n\t\t\n\n\t\t<div class=\"section-content relative\">\n\t\t\t\n<div class=\"row row-collapse row-full-width\"  id=\"row-1166183700\">\n\n\t<div id=\"col-264335822\" class=\"col medium-6 small-12 large-6\"  >\n\t\t\t\t<div class=\"col-inner\" style=\"background-color:rgb(0,0,0);\" >\n\t\t\t\n\t\t\t\n\n  <div class=\"banner has-hover has-parallax\" id=\"banner-2066758087\">\n          <div class=\"banner-inner fill\">\n        <div class=\"banner-bg fill\" data-parallax=\"-1\" data-parallax-container=\".banner\" data-parallax-background>\n            <img loading=\"lazy\" decoding=\"async\" width=\"1024\" height=\"1024\" src=\"https:\/\/tirondet.com\/wp-content\/uploads\/2024\/12\/DALL\u00b7E-2024-12-21-23.38.24-A-rustic-breakfast-spread-on-a-wooden-table-featuring-a-basket-with-fresh-baguette-and-croissants-alongside-neatly-arranged-slices-of-cheese-cured-.webp\" class=\"bg attachment-original size-original\" alt=\"\" \/>                                    \n                    <\/div>\n\t\t\n        <div class=\"banner-layers container\">\n            <div class=\"fill banner-link\"><\/div>            \n   <div id=\"text-box-2073442794\" class=\"text-box banner-layer x50 md-x50 lg-x50 y50 md-y50 lg-y50 res-text\">\n                                <div class=\"text-box-content text dark\">\n              \n              <div class=\"text-inner text-center\">\n                  \n              <\/div>\n           <\/div>\n                            \n<style>\n#text-box-2073442794 {\n  width: 60%;\n}\n#text-box-2073442794 .text-box-content {\n  font-size: 100%;\n}\n@media (min-width:550px) {\n  #text-box-2073442794 {\n    width: 60%;\n  }\n}\n<\/style>\n    <\/div>\n \n        <\/div>\n      <\/div>\n\n            \n<style>\n#banner-2066758087 {\n  padding-top: 99.99%;\n}\n#banner-2066758087 .banner-bg img {\n  object-position: 100% 80%;\n}\n@media (min-width:550px) {\n  #banner-2066758087 {\n    padding-top: 75%;\n  }\n}\n<\/style>\n  <\/div>\n\n\n\t\t<\/div>\n\t\t\t\t\t<\/div>\n\n\t\n\n\t<div id=\"col-1396244767\" class=\"col medium-6 small-12 large-6\"  >\n\t\t\t\t<div class=\"col-inner\"  >\n\t\t\t\n\t\t\t\n<div class=\"row row-collapse align-center\"  id=\"row-1308500284\">\n\n\t<div id=\"col-981634721\" class=\"col medium-9 small-10 large-9\"  >\n\t\t\t\t<div class=\"col-inner\"  >\n\t\t\t\n\t\t\t\n<h1>Le petit-d\u00e9jeuner \u00e0 la fran\u00e7aise<\/h1>\n<p>Classique et plein de saveurs, notre petit-d\u00e9jeuner l\u00e9ger offre tout ce qu\u2019on attend d\u2019un matin en France.<br \/>Du pain frais du boulanger local, des croissants, un \u0153uf \u00e0 la coque, un jus de fruit frais, de la charcuterie et du fromage \u2014 simple, authentique et d\u00e9licieux.<br \/>La mani\u00e8re id\u00e9ale de commencer ta journ\u00e9e de vacances en toute s\u00e9r\u00e9nit\u00e9.  <\/p>\n\t\t<\/div>\n\t\t\t\t\n<style>\n#col-981634721 > .col-inner {\n  padding: 50px 0px 50px 0px;\n}\n<\/style>\n\t<\/div>\n\n\t\n\n<style>\n#row-1308500284 > .col > .col-inner {\n  padding: 40px 0px 20px 0px;\n}\n@media (min-width:550px) {\n  #row-1308500284 > .col > .col-inner {\n    padding: 5% 0px 0px 0px;\n  }\n}\n<\/style>\n<\/div>\n\t\t<\/div>\n\t\t\t\t\t<\/div>\n\n\t\n<\/div>\n\t\t<\/div>\n\n\t\t\n<style>\n#section_555102879 {\n  padding-top: 0px;\n  padding-bottom: 0px;\n}\n<\/style>\n\t<\/section>\n\t\n\n\t<section class=\"section\" id=\"section_1725664359\">\n\t\t<div class=\"section-bg fill\" >\n\t\t\t\t\t\t\t\t\t\n\t\t\t\n\n\t\t<\/div>\n\n\t\t\n\n\t\t<div class=\"section-content relative\">\n\t\t\t\n<div class=\"row row-collapse row-full-width\"  id=\"row-637597570\">\n\n\t<div id=\"col-1980414146\" class=\"col medium-6 small-12 large-6\"  >\n\t\t\t\t<div class=\"col-inner\"  >\n\t\t\t\n\t\t\t\n<div class=\"row row-collapse align-center\"  id=\"row-536278790\">\n\n\t<div id=\"col-46839528\" class=\"col medium-9 small-10 large-9\"  >\n\t\t\t\t<div class=\"col-inner\"  >\n\t\t\t\n\t\t\t\n\t<div id=\"text-1416706978\" class=\"text\">\n\t\t\n<h1>Petit-d\u00e9jeuner Frais &amp; Fruit\u00e9<\/h1>\n<p>Commence ta journ\u00e9e tout en l\u00e9g\u00e8ret\u00e9 avec notre petit-d\u00e9jeuner Frais &amp; Fruit\u00e9.<br \/>Savoure un d\u00e9licieux yaourt avec du muesli croustillant, accompagn\u00e9 de fruits frais, d\u2019un jus rafra\u00eechissant et d\u2019un \u0153uf \u00e0 la coque.<br \/>Et bien s\u00fbr, impossible d\u2019oublier le croissant chaud pour donner \u00e0 ta matin\u00e9e cette touche si fran\u00e7aise.<br \/>Le choix parfait pour ceux qui aiment commencer la journ\u00e9e de fa\u00e7on saine et pleine d\u2019\u00e9nergie.   <\/p>\n\t\t\n<style>\n#text-1416706978 {\n  text-align: right;\n}\n<\/style>\n\t<\/div>\n\t\n\t\t<\/div>\n\t\t\t\t\n<style>\n#col-46839528 > .col-inner {\n  padding: 50px 0px 50px 0px;\n}\n<\/style>\n\t<\/div>\n\n\t\n\n<style>\n#row-536278790 > .col > .col-inner {\n  padding: 40px 0px 20px 0px;\n}\n@media (min-width:550px) {\n  #row-536278790 > .col > .col-inner {\n    padding: 5% 0px 0px 0px;\n  }\n}\n<\/style>\n<\/div>\n\t\t<\/div>\n\t\t\t\t\t<\/div>\n\n\t\n\n\t<div id=\"col-28071790\" class=\"col medium-6 small-12 large-6 small-col-first\"  >\n\t\t\t\t<div class=\"col-inner\" style=\"background-color:rgb(0,0,0);\" >\n\t\t\t\n\t\t\t\n<div class=\"slider-wrapper relative\" id=\"slider-1225494028\" >\n    <div class=\"slider slider-type-fade slider-nav-dots-dashes-spaced slider-nav-simple slider-nav-large slider-nav-dark slider-style-normal\"\n        data-flickity-options='{\n            \"cellAlign\": \"center\",\n            \"imagesLoaded\": true,\n            \"lazyLoad\": 1,\n            \"freeScroll\": false,\n            \"wrapAround\": true,\n            \"autoPlay\": 6000,\n            \"pauseAutoPlayOnHover\" : true,\n            \"prevNextButtons\": true,\n            \"contain\" : true,\n            \"adaptiveHeight\" : true,\n            \"dragThreshold\" : 10,\n            \"percentPosition\": true,\n            \"pageDots\": false,\n            \"rightToLeft\": false,\n            \"draggable\": true,\n            \"selectedAttraction\": 0.1,\n            \"parallax\" : 0,\n            \"friction\": 0.6        }'\n        >\n        \n\n  <div class=\"banner has-hover has-parallax\" id=\"banner-598539899\">\n          <div class=\"banner-inner fill\">\n        <div class=\"banner-bg fill\" data-parallax=\"-1\" data-parallax-container=\".banner\" data-parallax-background>\n            <img loading=\"lazy\" decoding=\"async\" width=\"1024\" height=\"1024\" src=\"https:\/\/tirondet.com\/wp-content\/uploads\/2024\/12\/DALL\u00b7E-2024-12-21-23.38.18-A-rustic-breakfast-setup-on-a-wooden-table-featuring-a-small-bowl-of-fresh-yogurt-a-bowl-of-colorful-fresh-fruits-a-croissant-a-boiled-egg-and-a-.webp\" class=\"bg attachment-original size-original\" alt=\"\" \/>                                    \n                    <\/div>\n\t\t\n        <div class=\"banner-layers container\">\n            <div class=\"fill banner-link\"><\/div>            \n   <div id=\"text-box-2093351394\" class=\"text-box banner-layer x50 md-x50 lg-x50 y50 md-y50 lg-y50 res-text\">\n                                <div class=\"text-box-content text dark\">\n              \n              <div class=\"text-inner text-center\">\n                  \n              <\/div>\n           <\/div>\n                            \n<style>\n#text-box-2093351394 {\n  width: 60%;\n}\n#text-box-2093351394 .text-box-content {\n  font-size: 100%;\n}\n@media (min-width:550px) {\n  #text-box-2093351394 {\n    width: 60%;\n  }\n}\n<\/style>\n    <\/div>\n \n        <\/div>\n      <\/div>\n\n            \n<style>\n#banner-598539899 {\n  padding-top: 300px;\n}\n#banner-598539899 .banner-bg img {\n  object-position: 100% 80%;\n}\n@media (min-width:550px) {\n  #banner-598539899 {\n    padding-top: 75%;\n  }\n}\n<\/style>\n  <\/div>\n\n\n\n  <div class=\"banner has-hover has-parallax\" id=\"banner-428213198\">\n          <div class=\"banner-inner fill\">\n        <div class=\"banner-bg fill\" data-parallax=\"-1\" data-parallax-container=\".banner\" data-parallax-background>\n            <img loading=\"lazy\" decoding=\"async\" width=\"2560\" height=\"1536\" src=\"https:\/\/tirondet.com\/wp-content\/uploads\/2024\/12\/Tirondet_bg-4-scaled.jpg\" class=\"bg attachment-original size-original\" alt=\"\" \/>                                    \n                    <\/div>\n\t\t\n        <div class=\"banner-layers container\">\n            <div class=\"fill banner-link\"><\/div>            \n   <div id=\"text-box-221400611\" class=\"text-box banner-layer x50 md-x50 lg-x50 y50 md-y50 lg-y50 res-text\">\n                                <div class=\"text-box-content text dark\">\n              \n              <div class=\"text-inner text-center\">\n                  \n              <\/div>\n           <\/div>\n                            \n<style>\n#text-box-221400611 {\n  width: 60%;\n}\n#text-box-221400611 .text-box-content {\n  font-size: 100%;\n}\n@media (min-width:550px) {\n  #text-box-221400611 {\n    width: 60%;\n  }\n}\n<\/style>\n    <\/div>\n \n        <\/div>\n      <\/div>\n\n            \n<style>\n#banner-428213198 {\n  padding-top: 300px;\n}\n#banner-428213198 .banner-bg img {\n  object-position: 41% 49%;\n}\n@media (min-width:550px) {\n  #banner-428213198 {\n    padding-top: 85%;\n  }\n}\n<\/style>\n  <\/div>\n\n\n     <\/div>\n\n     <div class=\"loading-spin dark large centered\"><\/div>\n\n\t<\/div>\n\n\n\t\t<\/div>\n\t\t\t\t\t<\/div>\n\n\t\n<\/div>\n\t\t<\/div>\n\n\t\t\n<style>\n#section_1725664359 {\n  padding-top: 25%;\n  padding-bottom: 25%;\n}\n@media (min-width:550px) {\n  #section_1725664359 {\n    padding-top: 0px;\n    padding-bottom: 0px;\n  }\n}\n<\/style>\n\t<\/section>\n\t\n","protected":false},"excerpt":{"rendered":"","protected":false},"author":2,"featured_media":0,"parent":1852,"menu_order":0,"comment_status":"closed","ping_status":"closed","template":"page-blank.php","meta":{"footnotes":""},"class_list":["post-1856","page","type-page","status-publish","hentry"],"_links":{"self":[{"href":"https:\/\/tirondet.com\/fr\/wp-json\/wp\/v2\/pages\/1856","targetHints":{"allow":["GET"]}}],"collection":[{"href":"https:\/\/tirondet.com\/fr\/wp-json\/wp\/v2\/pages"}],"about":[{"href":"https:\/\/tirondet.com\/fr\/wp-json\/wp\/v2\/types\/page"}],"author":[{"embeddable":true,"href":"https:\/\/tirondet.com\/fr\/wp-json\/wp\/v2\/users\/2"}],"replies":[{"embeddable":true,"href":"https:\/\/tirondet.com\/fr\/wp-json\/wp\/v2\/comments?post=1856"}],"version-history":[{"count":3,"href":"https:\/\/tirondet.com\/fr\/wp-json\/wp\/v2\/pages\/1856\/revisions"}],"predecessor-version":[{"id":1859,"href":"https:\/\/tirondet.com\/fr\/wp-json\/wp\/v2\/pages\/1856\/revisions\/1859"}],"up":[{"embeddable":true,"href":"https:\/\/tirondet.com\/fr\/wp-json\/wp\/v2\/pages\/1852"}],"wp:attachment":[{"href":"https:\/\/tirondet.com\/fr\/wp-json\/wp\/v2\/media?parent=1856"}],"curies":[{"name":"wp","href":"https:\/\/api.w.org\/{rel}","templated":true}]}}