{"id":1864,"date":"2024-12-24T23:09:16","date_gmt":"2024-12-24T23:09:16","guid":{"rendered":"https:\/\/tirondet.com\/formules\/ladys-only-week\/"},"modified":"2025-10-31T10:32:28","modified_gmt":"2025-10-31T10:32:28","slug":"ladys-only-week","status":"publish","type":"page","link":"https:\/\/tirondet.com\/fr\/formules\/ladys-only-week\/","title":{"rendered":"Lady&rsquo;s only week"},"content":{"rendered":"<div class=\"slider-wrapper relative\" id=\"slider-1086184915\" >\n    <div class=\"slider slider-nav-circle slider-nav-large slider-nav-light slider-style-normal\"\n        data-flickity-options='{\n            \"cellAlign\": \"center\",\n            \"imagesLoaded\": true,\n            \"lazyLoad\": 1,\n            \"freeScroll\": false,\n            \"wrapAround\": true,\n            \"autoPlay\": 3000,\n            \"pauseAutoPlayOnHover\" : true,\n            \"prevNextButtons\": true,\n            \"contain\" : true,\n            \"adaptiveHeight\" : true,\n            \"dragThreshold\" : 10,\n            \"percentPosition\": true,\n            \"pageDots\": true,\n            \"rightToLeft\": false,\n            \"draggable\": true,\n            \"selectedAttraction\": 0.1,\n            \"parallax\" : 0,\n            \"friction\": 0.6        }'\n        >\n        \n\n  <div class=\"banner has-hover has-parallax\" id=\"banner-1804755156\">\n          <div class=\"banner-inner fill\">\n        <div class=\"banner-bg fill\" data-parallax=\"-3\" data-parallax-container=\".banner\" data-parallax-background>\n            <img loading=\"lazy\" decoding=\"async\" width=\"1500\" height=\"1500\" src=\"https:\/\/tirondet.com\/wp-content\/uploads\/2024\/12\/IMG_4719.jpg\" class=\"bg attachment-original size-original\" alt=\"\" \/>                                    \n                    <\/div>\n\t\t\n        <div class=\"banner-layers container\">\n            <div class=\"fill banner-link\"><\/div>            \n   <div id=\"text-box-1390545510\" class=\"text-box banner-layer x50 md-x50 lg-x50 y50 md-y50 lg-y50 res-text\">\n                                <div class=\"text-box-content text dark\">\n              \n              <div class=\"text-inner text-center\">\n                  \n              <\/div>\n           <\/div>\n                            \n<style>\n#text-box-1390545510 {\n  width: 60%;\n}\n#text-box-1390545510 .text-box-content {\n  font-size: 100%;\n}\n@media (min-width:550px) {\n  #text-box-1390545510 {\n    width: 60%;\n  }\n}\n<\/style>\n    <\/div>\n \n        <\/div>\n      <\/div>\n\n            \n<style>\n#banner-1804755156 {\n  padding-top: 70%;\n  background-color: rgb(33, 33, 33);\n}\n#banner-1804755156 .banner-bg img {\n  object-position: 43% 77%;\n}\n@media (min-width:550px) {\n  #banner-1804755156 {\n    padding-top: 35%;\n  }\n}\n<\/style>\n  <\/div>\n\n\n     <\/div>\n\n     <div class=\"loading-spin dark large centered\"><\/div>\n\n\t<\/div>\n\n\n\n\t<section class=\"section\" id=\"section_962913669\">\n\t\t<div class=\"section-bg fill\" >\n\t\t\t\t\t\t\t\t\t<div class=\"section-bg-overlay absolute fill\"><\/div>\n\t\t\t\n\n\t\t<\/div>\n\n\t\t\n\n\t\t<div class=\"section-content relative\">\n\t\t\t\n<div class=\"row align-center\"  id=\"row-481389393\">\n\n\t<div id=\"col-1822042154\" class=\"col medium-9 small-12 large-9\"  data-animate=\"fadeInUp\">\n\t\t\t\t<div class=\"col-inner text-left\"  >\n\t\t\t\n\t\t\t\n<h6>Du 20 au 27 septembre 2025<\/h6>\n<h1>Lady&rsquo;s Only Week<\/h1>\n<p>Offre-toi, ainsi qu\u2019aux femmes qui t\u2019entourent, une semaine pleine de convivialit\u00e9, de d\u00e9tente et d\u2019activit\u00e9s originales.<br \/>La Lady\u2019s Only Week est la semaine d\u00e9di\u00e9e aux s\u0153urs, amies, cousines, m\u00e8res ou filles qui souhaitent profiter ensemble et se ressourcer pleinement.<br \/>Une semaine durant laquelle tu ne dois rien faire \u2014 si ce n\u2019est te laisser chouchouter et prendre soin de toi.  <\/p>\n<p>Pendant cette semaine en demi-pension, nous veillons \u00e0 ce qu\u2019il ne vous manque rien.<br \/>Chaque matin commence avec un panier petit-d\u00e9jeuner bien garni, et six soirs se terminent par un d\u00e9licieux d\u00eener sur notre domaine.<br \/>L\u2019un des moments forts est notre high tea festif, suivi d\u2019une soir\u00e9e conviviale avec des amuse-bouches.<br \/>L\u2019une des journ\u00e9es comprend \u00e9galement une balade accompagn\u00e9e \u00e0 travers les paysages pittoresques des environs, agr\u00e9ment\u00e9e d\u2019un d\u00e9jeuner gourmand en chemin.   <\/p>\n<p>Une autre exp\u00e9rience inoubliable est l\u2019ascension du Puy de D\u00f4me, situ\u00e9 \u00e0 environ une heure de route de notre domaine.<br \/>T\u00f4t le matin, nous montons \u00e0 pied jusqu\u2019au sommet de ce volcan embl\u00e9matique pour admirer le lever du soleil et savourer un petit-d\u00e9jeuner face \u00e0 une vue spectaculaire.<br \/>Ensuite, vous avez la possibilit\u00e9 de d\u00e9couvrir librement Clermont-Ferrand : fl\u00e2ner dans les ruelles historiques, visiter de jolies boutiques ou simplement profiter d\u2019une terrasse au soleil.<br \/>De retour au domaine, un d\u00eener d\u00e9tendu vous attend pour terminer la journ\u00e9e en toute s\u00e9r\u00e9nit\u00e9.    <\/p>\n<p>En dehors des excursions, il y a aussi beaucoup de temps pour la d\u00e9tente et l\u2019inspiration.<br \/>Tente quelque chose de nouveau lors d\u2019un atelier cr\u00e9atif, comme la fabrication de bougies parfum\u00e9es, ou participe \u00e0 une session de cuisine en plein air o\u00f9 nous pr\u00e9parons ensemble de d\u00e9licieux plats sur le feu.<br \/>Et bien s\u00fbr, notre soir\u00e9e pizza inoubliable est au programme : fais cuire ta propre pizza dans le four \u00e0 bois traditionnel et partage des histoires sous le ciel \u00e9toil\u00e9.<br \/>Entre ces moments, tu auras tout le loisir de discuter, de te relaxer au bord de la piscine ou de profiter de ton temps libre pour faire ce qui te pla\u00eet.   <\/p>\n<p>Ce qui rend cette semaine encore plus sp\u00e9ciale, c\u2019est qu\u2019elle est propos\u00e9e par personne.<br \/>Viens \u00e0 deux, trois ou quatre, et profite de l\u2019intimit\u00e9 de ta propre chambre \u2014 ou partage-en une pour plus de convivialit\u00e9.<br \/>La r\u00e9servation se fait facilement via le site, mais si vous venez \u00e0 plusieurs ou avez des souhaits particuliers (comme un s\u00e9jour sur mesure), n\u2019h\u00e9sitez pas \u00e0 nous contacter par e-mail ou par t\u00e9l\u00e9phone. Nous ferons en sorte que tout corresponde \u00e0 vos attentes.<br \/>C\u2019est une semaine d\u00e9di\u00e9e \u00e0 la qualit\u00e9 du temps pass\u00e9 ensemble. Rien n\u2019est obligatoire, tout est possible.<br \/>Laisse-toi choyer, vis des moments uniques et repars le c\u0153ur l\u00e9ger et l\u2019esprit ressourc\u00e9.     <\/p>\n\t\t<\/div>\n\t\t\t\t\t<\/div>\n\n\t\n\n<style>\n#row-481389393 > .col > .col-inner {\n  padding: 0px 0px 0px 0px;\n}\n<\/style>\n<\/div>\n\t\t<\/div>\n\n\t\t\n<style>\n#section_962913669 {\n  padding-top: 10%;\n  padding-bottom: 10%;\n}\n#section_962913669 .section-bg-overlay {\n  background-color: rgba(255, 255, 255, 0.965);\n}\n@media (min-width:550px) {\n  #section_962913669 {\n    padding-top: 30px;\n    padding-bottom: 30px;\n  }\n}\n<\/style>\n\t<\/section>\n\t\n\n\t<section class=\"section\" id=\"section_1810931213\">\n\t\t<div class=\"section-bg fill\" >\n\t\t\t\t\t\t\t\t\t\n\t\t\t\n\n\t\t<\/div>\n\n\t\t\n\n\t\t<div class=\"section-content relative\">\n\t\t\t\n<div class=\"row row-collapse row-full-width\"  id=\"row-1597428265\">\n\n\t<div id=\"col-570213087\" class=\"col medium-6 small-12 large-6\"  >\n\t\t\t\t<div class=\"col-inner\" style=\"background-color:rgb(0,0,0);\" >\n\t\t\t\n\t\t\t\n\n  <div class=\"banner has-hover has-parallax\" id=\"banner-562412448\">\n          <div class=\"banner-inner fill\">\n        <div class=\"banner-bg fill\" data-parallax=\"-1\" data-parallax-container=\".banner\" data-parallax-background>\n            <img loading=\"lazy\" decoding=\"async\" width=\"1500\" height=\"1125\" src=\"https:\/\/tirondet.com\/wp-content\/uploads\/2024\/12\/IMG_9525.jpg\" class=\"bg attachment-original size-original\" alt=\"\" \/>                                    \n                    <\/div>\n\t\t\n        <div class=\"banner-layers container\">\n            <div class=\"fill banner-link\"><\/div>            \n   <div id=\"text-box-1456252423\" class=\"text-box banner-layer x50 md-x50 lg-x50 y50 md-y50 lg-y50 res-text\">\n                                <div class=\"text-box-content text dark\">\n              \n              <div class=\"text-inner text-center\">\n                  \n              <\/div>\n           <\/div>\n                            \n<style>\n#text-box-1456252423 {\n  width: 60%;\n}\n#text-box-1456252423 .text-box-content {\n  font-size: 100%;\n}\n@media (min-width:550px) {\n  #text-box-1456252423 {\n    width: 60%;\n  }\n}\n<\/style>\n    <\/div>\n \n        <\/div>\n      <\/div>\n\n            \n<style>\n#banner-562412448 {\n  padding-top: 99.99%;\n  background-color: #212121;\n}\n#banner-562412448 .banner-bg img {\n  object-position: 55% 56%;\n}\n@media (min-width:550px) {\n  #banner-562412448 {\n    padding-top: 100%;\n  }\n}\n@media (min-width:850px) {\n  #banner-562412448 {\n    padding-top: 75%;\n  }\n}\n<\/style>\n  <\/div>\n\n\n\t\t<\/div>\n\t\t\t\t\t<\/div>\n\n\t\n\n\t<div id=\"col-1698602288\" class=\"col medium-6 small-12 large-6\"  >\n\t\t\t\t<div class=\"col-inner\"  >\n\t\t\t\n\t\t\t\n<div class=\"row row-collapse align-center\"  id=\"row-944816370\">\n\n\t<div id=\"col-541780543\" class=\"col medium-9 small-10 large-9\"  >\n\t\t\t\t<div class=\"col-inner\"  >\n\t\t\t\n\t\t\t\n<h1>Une semaine inoubliable sp\u00e9cialement d\u00e9di\u00e9e aux dames<\/h1>\n<ul>\n<li>Demi-pension : petit-d\u00e9jeuner quotidien et six d\u00eeners inclus<\/li>\n<li>High tea festive suivie d\u2019une soir\u00e9e conviviale avec des amuse-bouches<\/li>\n<li>Balade accompagn\u00e9e avec d\u00e9jeuner en pleine nature<\/li>\n<li>Ascension d\u2019un volcan et petit-d\u00e9jeuner au lever du soleil<\/li>\n<li>Possibilit\u00e9 de visiter Clermont-Ferrand apr\u00e8s l\u2019ascension du volcan<\/li>\n<li>Atelier cr\u00e9atif<\/li>\n<li>D\u00e9gustation<\/li>\n<li>Cuisine en plein air et soir\u00e9e pizza inoubliable<\/li>\n<\/ul>\n<a href=\"https:\/\/tirondet.com\/fr\/reservation\/\" class=\"button secondary is-outline expand\"  >\n\t\t<span>R\u00e9serve directement.<\/span>\n\t<\/a>\n\n\t\t<\/div>\n\t\t\t\t\n<style>\n#col-541780543 > .col-inner {\n  padding: 50px 0px 50px 0px;\n}\n<\/style>\n\t<\/div>\n\n\t\n\n<style>\n#row-944816370 > .col > .col-inner {\n  padding: 40px 0px 20px 0px;\n}\n@media (min-width:550px) {\n  #row-944816370 > .col > .col-inner {\n    padding: 5% 0px 0px 0px;\n  }\n}\n<\/style>\n<\/div>\n\t\t<\/div>\n\t\t\t\t\t<\/div>\n\n\t\n<\/div>\n\t\t<\/div>\n\n\t\t\n<style>\n#section_1810931213 {\n  padding-top: 0px;\n  padding-bottom: 0px;\n}\n<\/style>\n\t<\/section>\n\t\n\n\t<section class=\"section\" id=\"section_1835713664\">\n\t\t<div class=\"section-bg fill\" >\n\t\t\t\t\t\t\t\t\t<div class=\"section-bg-overlay absolute fill\"><\/div>\n\t\t\t\n\n\t\t<\/div>\n\n\t\t\n\n\t\t<div class=\"section-content relative\">\n\t\t\t\n<div class=\"text-center\"><div class=\"is-divider divider clearfix\" style=\"max-width:1600px;background-color:rgb(96, 96, 96);\"><\/div><\/div>\n<div class=\"row\"  id=\"row-808101954\">\n\n\t<div id=\"col-1174790412\" class=\"col small-12 large-12\"  >\n\t\t\t\t<div class=\"col-inner\"  >\n\t\t\t\n\t\t\t\n\t<div id=\"text-707337996\" class=\"text\">\n\t\t\n<h1 style=\"text-align: center;\">Quelques autres <strong>formules<\/strong><\/h1>\n\t\t\n<style>\n#text-707337996 {\n  color: #3b3b3b;\n}\n#text-707337996 > * {\n  color: #3b3b3b;\n}\n<\/style>\n\t<\/div>\n\t\n\t\t<\/div>\n\t\t\t\t\t<\/div>\n\n\t\n<\/div>\n<div class=\"row\"  id=\"row-1978548660\">\n\n\t<div id=\"col-1476858654\" class=\"col small-12 large-12\"  >\n\t\t\t\t<div class=\"col-inner\"  >\n\t\t\t\n\t\t\t\n<div class=\"slider-wrapper relative\" id=\"slider-1385964992\" >\n    <div class=\"slider slider-nav-dots-dashes-spaced slider-nav-simple slider-nav-large slider-nav-dark slider-nav-outside slider-style-normal slider-show-nav\"\n        data-flickity-options='{\n            \"cellAlign\": \"center\",\n            \"imagesLoaded\": true,\n            \"lazyLoad\": 1,\n            \"freeScroll\": false,\n            \"wrapAround\": false,\n            \"autoPlay\": 2000,\n            \"pauseAutoPlayOnHover\" : true,\n            \"prevNextButtons\": true,\n            \"contain\" : true,\n            \"adaptiveHeight\" : true,\n            \"dragThreshold\" : 10,\n            \"percentPosition\": true,\n            \"pageDots\": false,\n            \"rightToLeft\": false,\n            \"draggable\": true,\n            \"selectedAttraction\": 0.1,\n            \"parallax\" : 1,\n            \"friction\": 0.6        }'\n        >\n        \n<div class=\"row\"  id=\"row-1209725339\">\n\n\t<div id=\"col-1407251722\" class=\"col medium-4 small-12 large-4\"  >\n\t\t\t\t<div class=\"col-inner\"  >\n\t\t\t\n\t\t\t\n\t<div class=\"box has-hover   has-hover box-text-bottom\" >\n\n\t\t<div class=\"box-image\" >\n\t\t\t\t\t\t<div class=\"image-cover\" style=\"padding-top:70%;\">\n\t\t\t\t<img loading=\"lazy\" decoding=\"async\" width=\"2560\" height=\"2560\" src=\"https:\/\/tirondet.com\/wp-content\/uploads\/2024\/12\/IMG_4788-copy-scaled.jpg\" class=\"attachment- size-\" alt=\"\" srcset=\"https:\/\/tirondet.com\/wp-content\/uploads\/2024\/12\/IMG_4788-copy-scaled.jpg 2560w, https:\/\/tirondet.com\/wp-content\/uploads\/2024\/12\/IMG_4788-copy-300x300.jpg 300w, https:\/\/tirondet.com\/wp-content\/uploads\/2024\/12\/IMG_4788-copy-1024x1024.jpg 1024w, https:\/\/tirondet.com\/wp-content\/uploads\/2024\/12\/IMG_4788-copy-150x150.jpg 150w, https:\/\/tirondet.com\/wp-content\/uploads\/2024\/12\/IMG_4788-copy-768x768.jpg 768w, https:\/\/tirondet.com\/wp-content\/uploads\/2024\/12\/IMG_4788-copy-1536x1536.jpg 1536w, https:\/\/tirondet.com\/wp-content\/uploads\/2024\/12\/IMG_4788-copy-2048x2048.jpg 2048w\" sizes=\"auto, (max-width: 2560px) 100vw, 2560px\" \/>\t\t\t\t\t\t\t\t\t\t\t<\/div>\n\t\t\t\t\t<\/div>\n\n\t\t<div class=\"box-text text-center\" >\n\t\t\t<div class=\"box-text-inner\">\n\t\t\t\t\n\t<div id=\"text-4094292966\" class=\"text\">\n\t\t\n<h5>Mini &amp; Me-Time<\/h5>\n\t\t\n<style>\n#text-4094292966 {\n  color: rgb(0,0,0);\n}\n#text-4094292966 > * {\n  color: rgb(0,0,0);\n}\n<\/style>\n\t<\/div>\n\t\n\t\t\t<\/div>\n\t\t<\/div>\n\t<\/div>\n\t\n\t\t<\/div>\n\t\t\t\t\t<\/div>\n\n\t\n\n\t<div id=\"col-230510953\" class=\"col medium-4 small-12 large-4\"  >\n\t\t\t\t<div class=\"col-inner\"  >\n\t\t\t\n\t\t\t\n\t<div class=\"box has-hover   has-hover box-text-bottom\" >\n\n\t\t<div class=\"box-image\" >\n\t\t\t\t\t\t<div class=\"image-cover\" style=\"padding-top:70%;\">\n\t\t\t\t<img loading=\"lazy\" decoding=\"async\" width=\"1500\" height=\"1124\" src=\"https:\/\/tirondet.com\/wp-content\/uploads\/2024\/12\/IMG_9671.jpg\" class=\"attachment- size-\" alt=\"\" srcset=\"https:\/\/tirondet.com\/wp-content\/uploads\/2024\/12\/IMG_9671.jpg 1500w, https:\/\/tirondet.com\/wp-content\/uploads\/2024\/12\/IMG_9671-300x225.jpg 300w, https:\/\/tirondet.com\/wp-content\/uploads\/2024\/12\/IMG_9671-1024x767.jpg 1024w, https:\/\/tirondet.com\/wp-content\/uploads\/2024\/12\/IMG_9671-768x575.jpg 768w\" sizes=\"auto, (max-width: 1500px) 100vw, 1500px\" \/>\t\t\t\t\t\t\t\t\t\t\t<\/div>\n\t\t\t\t\t<\/div>\n\n\t\t<div class=\"box-text text-center\" >\n\t\t\t<div class=\"box-text-inner\">\n\t\t\t\t\n\t<div id=\"text-3883006789\" class=\"text\">\n\t\t\n<h5>Flames &amp; Flavors<\/h5>\n\t\t\n<style>\n#text-3883006789 {\n  color: #3b3b3b;\n}\n#text-3883006789 > * {\n  color: #3b3b3b;\n}\n<\/style>\n\t<\/div>\n\t\n\t\t\t<\/div>\n\t\t<\/div>\n\t<\/div>\n\t\n\t\t<\/div>\n\t\t\t\t\t<\/div>\n\n\t\n\n\t<div id=\"col-1250545020\" class=\"col medium-4 small-12 large-4\"  >\n\t\t\t\t<div class=\"col-inner\"  >\n\t\t\t\n\t\t\t\n\t<div class=\"box has-hover   has-hover box-text-bottom\" >\n\n\t\t<div class=\"box-image\" >\n\t\t\t\t\t\t<div class=\"image-cover\" style=\"padding-top:70%;\">\n\t\t\t\t<img loading=\"lazy\" decoding=\"async\" width=\"1500\" height=\"1125\" src=\"https:\/\/tirondet.com\/wp-content\/uploads\/2024\/12\/IMG_4621.jpg\" class=\"attachment- size-\" alt=\"\" srcset=\"https:\/\/tirondet.com\/wp-content\/uploads\/2024\/12\/IMG_4621.jpg 1500w, https:\/\/tirondet.com\/wp-content\/uploads\/2024\/12\/IMG_4621-300x225.jpg 300w, https:\/\/tirondet.com\/wp-content\/uploads\/2024\/12\/IMG_4621-1024x768.jpg 1024w, https:\/\/tirondet.com\/wp-content\/uploads\/2024\/12\/IMG_4621-768x576.jpg 768w\" sizes=\"auto, (max-width: 1500px) 100vw, 1500px\" \/>\t\t\t\t\t\t\t\t\t\t\t<\/div>\n\t\t\t\t\t<\/div>\n\n\t\t<div class=\"box-text text-center\" >\n\t\t\t<div class=\"box-text-inner\">\n\t\t\t\t\n\t<div id=\"text-3167725890\" class=\"text\">\n\t\t\n<h5>Vacances d\u2019\u00e9t\u00e9<\/h5>\n\t\t\n<style>\n#text-3167725890 {\n  color: #3b3b3b;\n}\n#text-3167725890 > * {\n  color: #3b3b3b;\n}\n<\/style>\n\t<\/div>\n\t\n\t\t\t<\/div>\n\t\t<\/div>\n\t<\/div>\n\t\n\t\t<\/div>\n\t\t\t\t\t<\/div>\n\n\t\n<\/div>\n     <\/div>\n\n     <div class=\"loading-spin dark large centered\"><\/div>\n\n\t<\/div>\n\n\n\t\t<\/div>\n\t\t\t\t\t<\/div>\n\n\t\n<\/div>\n<div class=\"row\"  id=\"row-1209546860\">\n\n\t<div id=\"col-1861626152\" class=\"col small-12 large-12\"  >\n\t\t\t\t<div class=\"col-inner text-center\"  >\n\t\t\t\n\t\t\t\n<a href=\"https:\/\/tirondet.com\/arrangementen\/\" class=\"button secondary is-outline\"  >\n\t\t<span>D\u00e9couvre toutes les semaines sp\u00e9ciales<\/span>\n\t<\/a>\n\n\t\t<\/div>\n\t\t\t\t\t<\/div>\n\n\t\n<\/div>\n\t\t<\/div>\n\n\t\t\n<style>\n#section_1835713664 {\n  padding-top: 25%;\n  padding-bottom: 25%;\n}\n#section_1835713664 .section-bg-overlay {\n  background-color: rgba(255,255,255,.5);\n}\n@media (min-width:550px) {\n  #section_1835713664 {\n    padding-top: 15%;\n    padding-bottom: 15%;\n  }\n}\n@media (min-width:850px) {\n  #section_1835713664 {\n    padding-top: 30px;\n    padding-bottom: 30px;\n  }\n}\n<\/style>\n\t<\/section>\n\t\n\n\t<section class=\"section\" id=\"section_734402249\">\n\t\t<div class=\"section-bg fill\" >\n\t\t\t\t\t\t\t\t\t\n\t\t\t\n\n\t\t<\/div>\n\n\t\t\n\n\t\t<div class=\"section-content relative\">\n\t\t\t\n\n  <div class=\"banner has-hover has-parallax\" id=\"banner-1347774655\">\n          <div class=\"banner-inner fill\">\n        <div class=\"banner-bg fill\" data-parallax=\"-3\" data-parallax-container=\".banner\" data-parallax-background>\n            <img loading=\"lazy\" decoding=\"async\" width=\"1500\" height=\"1125\" src=\"https:\/\/tirondet.com\/wp-content\/uploads\/2024\/12\/IMG_0300.jpg\" class=\"bg attachment-original size-original\" alt=\"\" \/>                                    \n                    <\/div>\n\t\t\n        <div class=\"banner-layers container\">\n            <div class=\"fill banner-link\"><\/div>            \n   <div id=\"text-box-1054434350\" class=\"text-box banner-layer x50 md-x50 lg-x50 y50 md-y50 lg-y50 res-text\">\n                                <div class=\"text-box-content text dark\">\n              \n              <div class=\"text-inner text-center\">\n                  \n              <\/div>\n           <\/div>\n                            \n<style>\n#text-box-1054434350 {\n  width: 60%;\n}\n#text-box-1054434350 .text-box-content {\n  font-size: 100%;\n}\n@media (min-width:550px) {\n  #text-box-1054434350 {\n    width: 60%;\n  }\n}\n<\/style>\n    <\/div>\n \n        <\/div>\n      <\/div>\n\n            \n<style>\n#banner-1347774655 {\n  padding-top: 70%;\n  background-color: rgb(33, 33, 33);\n}\n#banner-1347774655 .banner-bg img {\n  object-position: 54% 53%;\n}\n@media (min-width:550px) {\n  #banner-1347774655 {\n    padding-top: 25%;\n  }\n}\n<\/style>\n  <\/div>\n\n\n\t\t<\/div>\n\n\t\t\n<style>\n#section_734402249 {\n  padding-top: 0px;\n  padding-bottom: 0px;\n  background-color: rgb(255,255,255);\n}\n<\/style>\n\t<\/section>\n\t\n","protected":false},"excerpt":{"rendered":"","protected":false},"author":2,"featured_media":0,"parent":1832,"menu_order":0,"comment_status":"closed","ping_status":"closed","template":"page-blank.php","meta":{"footnotes":""},"class_list":["post-1864","page","type-page","status-publish","hentry"],"_links":{"self":[{"href":"https:\/\/tirondet.com\/fr\/wp-json\/wp\/v2\/pages\/1864","targetHints":{"allow":["GET"]}}],"collection":[{"href":"https:\/\/tirondet.com\/fr\/wp-json\/wp\/v2\/pages"}],"about":[{"href":"https:\/\/tirondet.com\/fr\/wp-json\/wp\/v2\/types\/page"}],"author":[{"embeddable":true,"href":"https:\/\/tirondet.com\/fr\/wp-json\/wp\/v2\/users\/2"}],"replies":[{"embeddable":true,"href":"https:\/\/tirondet.com\/fr\/wp-json\/wp\/v2\/comments?post=1864"}],"version-history":[{"count":3,"href":"https:\/\/tirondet.com\/fr\/wp-json\/wp\/v2\/pages\/1864\/revisions"}],"predecessor-version":[{"id":1867,"href":"https:\/\/tirondet.com\/fr\/wp-json\/wp\/v2\/pages\/1864\/revisions\/1867"}],"up":[{"embeddable":true,"href":"https:\/\/tirondet.com\/fr\/wp-json\/wp\/v2\/pages\/1832"}],"wp:attachment":[{"href":"https:\/\/tirondet.com\/fr\/wp-json\/wp\/v2\/media?parent=1864"}],"curies":[{"name":"wp","href":"https:\/\/api.w.org\/{rel}","templated":true}]}}